{"id":1923,"date":"2025-07-11T16:55:10","date_gmt":"2025-07-11T16:55:10","guid":{"rendered":"https:\/\/wanbo-polska.pl\/produkt\/wanbo-mozart-series-gimbal-stand-bialy-stojak-na-projektor\/"},"modified":"2026-03-25T10:53:52","modified_gmt":"2026-03-25T10:53:52","slug":"wanbo-mozart-series-gimbal-stand-bialy-stojak-na-projektor-wbba04_dnxgjojkgrmmim","status":"publish","type":"product","link":"https:\/\/wanbo-polska.pl\/en\/product\/wanbo-mozart-series-gimbal-stand-bialy-stojak-na-projektor-wbba04_dnxgjojkgrmmim\/","title":{"rendered":"Wanbo Mozart Series Gimbal Stand Bia\u0142y | Stojak na projektor | WBBA04"},"content":{"rendered":"<h2>Wolno\u015b\u0107 Projekcji Obrazu<\/h2>\n<p>Stojak Wanbo Mozart Series Gimbal Stand WBBA04 to przemy\u015blane akcesorium, kt\u00f3re w po\u0142\u0105czeniu z projektorami <a href=\"\/en\/pl\/p\/wanbo-mozart-1-pro-new-niebieski-projektor-rmmgo\/\">Wanbo Mozart 1 Pro New<\/a> <strong>transformuje do\u015bwiadczenie projekcji obrazu<\/strong>, oferuj\u0105c <strong>nieograniczone mo\u017cliwo\u015bci ustawienia<\/strong>. Sprawia, \u017ce mo\u017cesz cieszy\u0107 si\u0119 ulubionymi tre\u015bciami w dowolnym miejscu, <strong>\u0142atwo prze\u0142\u0105czaj\u0105c ekran ze \u015bciany na sufit<\/strong>. Ten solidny stojak pomaga w stworzeniu <strong>prywatnego kina<\/strong> w Twoim domu, zapewniaj\u0105c stabilno\u015b\u0107 i estetyk\u0119.<\/p>\n<p><img decoding=\"async\" src=\"https:\/\/images.batna24.com\/products\/DNXGJOJKFRMMHN\/pl\/Wanbo-Mozart-Series-Gimbal-Stand-01.webp\" alt=\"Wanbo Mozart Series Gimbal Stand Niebieski | Stojak na projektor | WBBA04\"><\/p>\n<h2>Zalety stojaka do projektora Wanbo Mozart Series Gimbal Stand<\/h2>\n<div style=\"text-align:left\">\n<ul>\n<li><strong>Wszechstronno\u015b\u0107<\/strong>: Umo\u017cliwia projekcj\u0119 w wielu miejscach i pod r\u00f3\u017cnymi k\u0105tami, od \u015bciany po sufit.<\/li>\n<li><strong>Stabilno\u015b\u0107<\/strong>: Solidna konstrukcja z metalu w\u0119glowego i wielowarstwowych materia\u0142\u00f3w sprawia, \u017ce stojak jest wytrzyma\u0142y i bezpieczny.<\/li>\n<li><strong>\u0141atwo\u015b\u0107 monta\u017cu<\/strong>: Prosta i intuicyjna instalacja dzi\u0119ki standardowym \u015brubom 1\/4 cala i zintegrowanej konstrukcji.<\/li>\n<li><strong>Estetyka<\/strong>: Elegancki design ze szczotkowanym metalem, dost\u0119pny w dw\u00f3ch kolorach, harmonijnie wpasowuje si\u0119 w ka\u017cde wn\u0119trze.<\/li>\n<li><strong>Bezpiecze\u0144stwo<\/strong>: Antypo\u015blizgowe podk\u0142adki silikonowe chroni\u0105 projektor przed zarysowaniami i zapewniaj\u0105 stabilne mocowanie.<\/li>\n<\/ul>\n<\/div>\n<p><img decoding=\"async\" src=\"https:\/\/images.batna24.com\/products\/DNXGJOJKFRMMHN\/pl\/Wanbo-Mozart-Series-Gimbal-Stand-02.webp\" alt=\"Wanbo Mozart Series Gimbal Stand Niebieski | Stojak na projektor | WBBA04\"><\/p>\n<h2>Wi\u0119cej Perspektyw<\/h2>\n<p>Stojak na projektor Wanbo Mozart Series Gimbal Stand umo\u017cliwia <strong>regulacj\u0119 k\u0105ta w zakresie 150\u00b0<\/strong>, co przyczynia si\u0119 do uzyskania <strong>szerszego zakresu pracy<\/strong>. Zintegrowana konstrukcja sprawia, \u017ce ustawianie odpowiednich k\u0105t\u00f3w jest intuicyjne i szybkie. Dzi\u0119ki temu mo\u017cesz bez trudu dostosowa\u0107 projekcj\u0119 do swoich potrzeb, niezale\u017cnie od tego, czy ogl\u0105dasz film, prezentujesz tre\u015bci, czy grasz.<\/p>\n<p><img decoding=\"async\" src=\"https:\/\/images.batna24.com\/products\/DNXGJOJKFRMMHN\/pl\/Wanbo-Mozart-Series-Gimbal-Stand-03.webp\" alt=\"Wanbo Mozart Series Gimbal Stand Niebieski | Stojak na projektor | WBBA04\"><\/p>\n<h2>Trwa\u0142a Konstrukcja<\/h2>\n<p>Wykonany z <strong>wytrzyma\u0142ego materia\u0142u metalowego<\/strong>, stojak Wanbo Mozart Series Gimbal Stand oferuje maksymalne obci\u0105\u017cenie do <strong>10 kg<\/strong>, co sprawia, \u017ce jest stabilnym wsparciem dla Twojego projektora. Wykorzystuje <strong>metal w\u0119glowy (materia\u0142 stalowy SPCC Cold Rolled Sheet)<\/strong>, co zapewnia mu wyj\u0105tkow\u0105 wytrzyma\u0142o\u015b\u0107 i trwa\u0142o\u015b\u0107. Sk\u0142ada si\u0119 z wielowarstwowych materia\u0142\u00f3w, w tym <strong>warstwy antykorozyjnej ocynkowanej<\/strong>, <strong>warstwy o wysokiej twardo\u015bci<\/strong> zwi\u0119kszaj\u0105cej odporno\u015b\u0107 na zu\u017cycie, <strong>matrycy niskow\u0119glowej o wysokiej wytrzyma\u0142o\u015bci<\/strong> zapobiegaj\u0105cej krucho\u015bci oraz <strong>warstwy kompozytowej<\/strong>, kt\u00f3ra optymalizuje og\u00f3ln\u0105 wydajno\u015b\u0107.<\/p>\n<p><img decoding=\"async\" src=\"https:\/\/images.batna24.com\/products\/DNXGJOJKFRMMHN\/pl\/Wanbo-Mozart-Series-Gimbal-Stand-06.webp\" alt=\"Wanbo Mozart Series Gimbal Stand Niebieski | Stojak na projektor | WBBA04\"><\/p>\n<h2>Design i Elegancja<\/h2>\n<p>Stojak charakteryzuje si\u0119 <strong>szczotkowanym metalem<\/strong> i pomys\u0142owym projektem, co nadaje mu nowoczesny i elegancki wygl\u0105d. Dost\u0119pno\u015b\u0107 w <strong>dw\u00f3ch kolorach \u2013 ciemnoniebieskim i bia\u0142ym<\/strong> \u2013 umo\u017cliwia dopasowanie go do Twojego wariantu projektora. To akcesorium, kt\u00f3re nie tylko jest funkcjonalne, ale r\u00f3wnie\u017c stanowi dyskretny element wystroju.<\/p>\n<p><img decoding=\"async\" src=\"https:\/\/images.batna24.com\/products\/DNXGJOJKFRMMHN\/pl\/Wanbo-Mozart-Series-Gimbal-Stand-08.webp\" alt=\"Wanbo Mozart Series Gimbal Stand Niebieski | Stojak na projektor | WBBA04\"><\/p>\n<h2>Prosta Obs\u0142uga<\/h2>\n<p>Instalacja stojaka jest <strong>\u0142atwa i wygodna<\/strong>. Zintegrowana konstrukcja eliminuje potrzeb\u0119 podnoszenia projektora za pomoc\u0105 ksi\u0105\u017cek czy innych prowizorycznych rozwi\u0105za\u0144. Wyposa\u017cony w <strong>standardowe \u015bruby 1\/4 cala<\/strong> oraz do\u0142\u0105czone narz\u0119dzie, stojak umo\u017cliwia szybki i bezproblemowy monta\u017c.<\/p>\n<p><img decoding=\"async\" src=\"https:\/\/images.batna24.com\/products\/DNXGJOJKFRMMHN\/pl\/Wanbo-Mozart-Series-Gimbal-Stand-07.webp\" alt=\"Wanbo Mozart Series Gimbal Stand Niebieski | Stojak na projektor | WBBA04\"><\/p>\n<h2>Ochrona Urz\u0105dzenia<\/h2>\n<p>Stojak dba o bezpiecze\u0144stwo Twojego projektora. Dwie strony wspornika wyposa\u017cono w <strong>antypo\u015blizgowe podk\u0142adki silikonowe<\/strong>, kt\u00f3re skutecznie zapobiegaj\u0105 zadrapaniom i tarciu na powierzchni projektora. To przyczynia si\u0119 do d\u0142ugotrwa\u0142ego zachowania estetyki i funkcjonalno\u015bci Twojego sprz\u0119tu.<\/p>\n<p><img decoding=\"async\" src=\"https:\/\/images.batna24.com\/products\/DNXGJOJKFRMMHN\/pl\/Wanbo-Mozart-Series-Gimbal-Stand-05.webp\" alt=\"Wanbo Mozart Series Gimbal Stand Niebieski | Stojak na projektor | WBBA04\"><\/p>\n<h2>Kompaktowe Wymiary<\/h2>\n<p>Przy wymiarach 190 mm wysoko\u015bci, 213.6 mm szeroko\u015bci i 178.8 mm g\u0142\u0119boko\u015bci, oraz wadze <strong>2.1 kg<\/strong>, stojak jest kompaktowy i \u0142atwy do przenoszenia, co pomaga w swobodnym aran\u017cowaniu przestrzeni projekcyjnej.<\/p>\n<p><img decoding=\"async\" src=\"https:\/\/images.batna24.com\/products\/DNXGJOJKFRMMHN\/pl\/Wanbo-Mozart-Series-Gimbal-Stand-04.webp\" alt=\"Wanbo Mozart Series Gimbal Stand Niebieski | Stojak na projektor | WBBA04\"><\/p>\n<h2>Stojak Wanbo Mozart Series to doskona\u0142e rozwi\u0105zanie dla:<\/h2>\n<div style=\"text-align:left\">\n<ul>\n<li>U\u017cytkownik\u00f3w projektor\u00f3w <a href=\"\/en\/pl\/p\/wanbo-mozart-1-pro-new-niebieski-projektor-rmmgo\/\">Wanbo Mozart 1 Pro New<\/a>, poszukuj\u0105cych dedykowanego wsparcia.<\/li>\n<li>Os\u00f3b ceni\u0105cych elastyczno\u015b\u0107 i swobod\u0119 w ustawianiu k\u0105t\u00f3w projekcji obrazu.<\/li>\n<li>Ka\u017cdego, kto chce stworzy\u0107 spersonalizowane kino domowe z optymalnym widokiem.<\/li>\n<li>Tych, kt\u00f3rzy szukaj\u0105 stabilnego, trwa\u0142ego i estetycznego rozwi\u0105zania do monta\u017cu projektora Mozart.<\/li>\n<\/ul>\n<\/div>\n<p><img decoding=\"async\" src=\"https:\/\/images.batna24.com\/products\/DNXGJOJKFRMMHN\/pl\/Wanbo-Mozart-Series-Gimbal-Stand-09.webp\" alt=\"Wanbo Mozart Series Gimbal Stand Niebieski | Stojak na projektor | WBBA04\"><\/p>","protected":false},"excerpt":{"rendered":"<div class=\"shortdesc-name\">WBBA04<\/div>\n<p><\/p>\n<div class=\"shortdesc-codes\">KOD: WBBA04 WHITE<\/div>\n<p><\/p>\n<div class=\"shortdesc-specifications\">\n<div class=\"shortdesc-spec\">Marka: <a href=\"\/en\/marka\/wanbo\/\">Wanbo<\/a><\/div>\n<div class=\"shortdesc-spec\">Model: <a href=\"\/en\/model\/wbba04\/\">WBBA04<\/a><\/div>\n<div class=\"shortdesc-spec\">Nazwa: <a href=\"\/en\/nazwa\/stojak-do-serii-mozart\/\">Stojak do serii Mozart<\/a><\/div>\n<div class=\"shortdesc-spec\">Materia\u0142: <a href=\"\/en\/material\/stal-walcowana-na-zimno-spcc\/\">Stal walcowana na zimno SPCC<\/a><\/div>\n<\/div>","protected":false},"featured_media":2344,"template":"","meta":[],"product_brand":[],"product_cat":[517],"product_tag":[],"class_list":{"0":"post-1923","1":"product","2":"type-product","3":"status-publish","4":"has-post-thumbnail","6":"product_cat-akcesoria_do_projektorow","7":"sales-flash-overlay","8":"woocommerce-text-align-left","9":"woocommerce-image-align-center","10":"do-quantity-buttons","11":"wc-has-gallery","13":"first","14":"outofstock","15":"taxable","16":"shipping-taxable","17":"purchasable","18":"product-type-simple"},"_links":{"self":[{"href":"https:\/\/wanbo-polska.pl\/en\/wp-json\/wp\/v2\/product\/1923","targetHints":{"allow":["GET"]}}],"collection":[{"href":"https:\/\/wanbo-polska.pl\/en\/wp-json\/wp\/v2\/product"}],"about":[{"href":"https:\/\/wanbo-polska.pl\/en\/wp-json\/wp\/v2\/types\/product"}],"wp:featuredmedia":[{"embeddable":true,"href":"https:\/\/wanbo-polska.pl\/en\/wp-json\/wp\/v2\/media\/2344"}],"wp:attachment":[{"href":"https:\/\/wanbo-polska.pl\/en\/wp-json\/wp\/v2\/media?parent=1923"}],"wp:term":[{"taxonomy":"product_brand","embeddable":true,"href":"https:\/\/wanbo-polska.pl\/en\/wp-json\/wp\/v2\/product_brand?post=1923"},{"taxonomy":"product_cat","embeddable":true,"href":"https:\/\/wanbo-polska.pl\/en\/wp-json\/wp\/v2\/product_cat?post=1923"},{"taxonomy":"product_tag","embeddable":true,"href":"https:\/\/wanbo-polska.pl\/en\/wp-json\/wp\/v2\/product_tag?post=1923"}],"curies":[{"name":"wp","href":"https:\/\/api.w.org\/{rel}","templated":true}]}}