{"id":1857,"date":"2025-05-30T10:04:38","date_gmt":"2025-05-30T10:04:38","guid":{"rendered":"https:\/\/www.wanbo-polska.pl\/produkt\/wanbo-vali-1-bialy-projektor\/"},"modified":"2026-03-25T10:41:42","modified_gmt":"2026-03-25T10:41:42","slug":"wanbo-vali-1-bialy-projektor-full-hd-900-ansi-android-tv-11-gimbal_dnxghiqnirmmnh","status":"publish","type":"product","link":"https:\/\/wanbo-polska.pl\/en\/product\/wanbo-vali-1-bialy-projektor-full-hd-900-ansi-android-tv-11-gimbal_dnxghiqnirmmnh\/","title":{"rendered":"Wanbo Vali 1 Bia\u0142y | Projektor | Full HD, 900 ANSI, Android TV 11, Gimbal"},"content":{"rendered":"<h2>Kinowe wra\u017cenia bez wychodzenia z domu<\/h2>\n<p><strong>Wanbo Vali 1<\/strong> to projektor, kt\u00f3ry umo\u017cliwia stworzenie prawdziwej przestrzeni do rozrywki w dowolnym pomieszczeniu. Dzi\u0119ki jasno\u015bci <strong>900 ANSI lumen\u00f3w<\/strong>, wy\u015bwietlany <strong>obraz 1080p (Full HD)<\/strong> zachowuje ostro\u015b\u0107 i szczeg\u00f3\u0142y nawet przy wi\u0119kszej powierzchni rzutowania. Wbudowany <strong>Android TV 11<\/strong> pozwala korzysta\u0107 z ulubionych aplikacji bez pod\u0142\u0105czania dodatkowych urz\u0105dze\u0144, co czyni z tego sprz\u0119tu pe\u0142noprawny system rozrywki.<\/p>\n<\/p>\n<p><video width=\"300\" height=\"150\" controls=\"controls\"><\/p>\n<p><\/video> <img decoding=\"async\" src=\"https:\/\/images.batna24.com\/products\/DNXGHIQNIRMMNH\/pl\/Wanbo_vali1_projektor-01.webp\" alt=\"XIAOMI WANBO VALI 1, WHITE, 900ANSI, ANDROID TV 11.0, FULLHD, GIMBAL\"><\/p>\n<h2>Wyrazisty obraz w ka\u017cdej scenie<\/h2>\n<p>Projektor <strong>Wanbo Vali 1<\/strong> wy\u015bwietla obraz w pe\u0142nym <strong>1080p (Full HD)<\/strong>, co przek\u0142ada si\u0119 na wi\u0119kszy poziom szczeg\u00f3\u0142\u00f3w i ostro\u015bci. Trzyelementowy, <strong>asferyczny szklany obiektyw<\/strong> zapewnia stabilno\u015b\u0107 i jednolite o\u015bwietlenie ca\u0142ej powierzchni projekcji. Nawet przy przek\u0105tnej 130 cali obraz nie traci czytelno\u015bci i kontrastu.<\/p>\n<p><img decoding=\"async\" src=\"https:\/\/images.batna24.com\/products\/DNXGHIQNIRMMNH\/pl\/Wanbo_vali1_projektor-02.webp\" alt=\"XIAOMI WANBO VALI 1, WHITE, 900ANSI, ANDROID TV 11.0, FULLHD, GIMBAL\"><\/p>\n<h2>Android TV 11 bez zewn\u0119trznych urz\u0105dze\u0144<\/h2>\n<p><strong>Wbudowany system Android TV 11<\/strong> daje dost\u0119p do tysi\u0119cy aplikacji i us\u0142ug, w tym <strong>Netflix, Disney+ i YouTube *.<\/strong> Thanks to <strong>Chromecast <\/strong>mo\u017cesz przesy\u0142a\u0107 obraz i d\u017awi\u0119k z telefonu, tabletu lub laptopa bez kabli. Brak potrzeby stosowania przystawek multimedialnych to realna oszcz\u0119dno\u015b\u0107 pieni\u0119dzy i miejsca. <strong>Automatyczna korekcja trapezowa, autofokus, automatyczne unikanie przeszk\u00f3d i wyr\u00f3wnanie ekranu<\/strong> \u2013 wszystko dzieje si\u0119 w tle, bez Twojego udzia\u0142u. Nie musisz ustawia\u0107 projektora w centralnym punkcie, by uzyska\u0107 prosty obraz. To rozwi\u0105zanie skraca czas uruchomienia i pozwala wy\u015bwietla\u0107 tre\u015bci wygodnie w r\u00f3\u017cnych pomieszczeniach.<\/p>\n<p><img decoding=\"async\" src=\"https:\/\/images.batna24.com\/products\/DNXGHIQNIRMMNH\/pl\/Wanbo_vali1_projektor-03.webp\" alt=\"XIAOMI WANBO VALI 1, WHITE, 900ANSI, ANDROID TV 11.0, FULLHD, GIMBAL\"><\/p>\n<h2>Projektor Full HD, kt\u00f3ry Zmieni Twoje Domowe Kino<\/h2>\n<p>Thanks to <strong>kompaktowym wymiarom i lekkiej konstrukcji<\/strong> (zaledwie 2,8 kg), projektor mo\u017cna \u0142atwo przenosi\u0107 i ustawia\u0107 w r\u00f3\u017cnych miejscach, co sprawia, \u017ce jest idealnym rozwi\u0105zaniem zar\u00f3wno do ma\u0142ych, jak i du\u017cych pomieszcze\u0144. Jego elegancka, <strong>bia\u0142a obudowa oraz minimalistyczny wygl\u0105d<\/strong> pasuj\u0105 do wi\u0119kszo\u015bci wn\u0119trz, a jego wszechstronno\u015b\u0107 pozwala na zastosowanie w r\u00f3\u017cnych warunkach \u2013 od wieczornych seans\u00f3w filmowych w salonie po prezentacje w biurze. Wanbo Vali 1 to projektor, kt\u00f3ry sprosta oczekiwaniom nawet najbardziej wymagaj\u0105cych u\u017cytkownik\u00f3w, oferuj\u0105c pe\u0142n\u0105 swobod\u0119 w tworzeniu przestrzeni multimedialnej.<\/p>\n<p><img decoding=\"async\" src=\"https:\/\/images.batna24.com\/products\/DNXGHIQNIRMMNH\/pl\/Wanbo_vali1_projektor-04.webp\" alt=\"XIAOMI WANBO VALI 1, WHITE, 900ANSI, ANDROID TV 11.0, FULLHD, GIMBAL\"><\/p>\n<h2>Dwa g\u0142o\u015bniki z wyra\u017anym brzmieniem<\/h2>\n<p>D\u017awi\u0119k to po\u0142owa wra\u017ce\u0144, dlatego w <strong>Wanbo Vali 1 <\/strong>znajdziesz <strong>dwa g\u0142o\u015bniki po 6W ka\u017cdy<\/strong>, z wbudowan\u0105 <strong>komor\u0105 500CC<\/strong>, kt\u00f3re zapewniaj\u0105 wyra\u017ane, przestrzenne brzmienie. Dzi\u0119ki <strong>Bluetooth 5.0<\/strong> mo\u017cesz pod\u0142\u0105czy\u0107 soundbar lub s\u0142uchawki i uzyska\u0107 jeszcze lepsze wra\u017cenia. Projektor pracuje przy <strong>poziomie ha\u0142asu do 28 dB<\/strong>, wi\u0119c wentylator nie zak\u0142\u00f3ci wieczoru filmowego.<\/p>\n<p><img decoding=\"async\" src=\"https:\/\/images.batna24.com\/products\/DNXGHIQNIRMMNH\/pl\/Wanbo_vali1_projektor-05.webp\" alt=\"XIAOMI WANBO VALI 1, WHITE, 900ANSI, ANDROID TV 11.0, FULLHD, GIMBAL\"><\/p>\n<h2>Gimbal 200\u00b0 i elastyczna projekcja<\/h2>\n<p>Ruchoma g\u0142owica (gimbal) z <strong>zakresem 200\u00b0<\/strong> pozwala skierowa\u0107 projekcj\u0119 tam, gdzie chcesz \u2013 na \u015bcian\u0119, sufit, a nawet skos. Nie musisz u\u017cywa\u0107 statywu ani specjalnych uchwyt\u00f3w \u2013 wystarczy stabilna powierzchnia. To elastyczno\u015b\u0107, kt\u00f3ra daje wi\u0119cej mo\u017cliwo\u015bci ni\u017c klasyczny, sztywny projektor.<\/p>\n<p><img decoding=\"async\" src=\"https:\/\/images.batna24.com\/products\/DNXGHIQNIRMMNH\/pl\/Wanbo_vali1_projektor-06.webp\" alt=\"XIAOMI WANBO VALI 1, WHITE, 900ANSI, ANDROID TV 11.0, FULLHD, GIMBAL\"><\/p>\n<h2>Rozrywka w ka\u017cdym miejscu<\/h2>\n<p>Projektor zosta\u0142 zaprojektowany tak, aby zapewni\u0107 <strong>pe\u0142n\u0105 swobod\u0119 monta\u017cu \u2013 sufit, \u015bciana, st\u00f3\u0142 czy pod\u0142oga<\/strong>. Jego uniwersalna konstrukcja pozwala na \u0142atwe dopasowanie do r\u00f3\u017cnych przestrzeni i warunk\u00f3w u\u017cytkowania. Dzi\u0119ki temu mo\u017cesz cieszy\u0107 si\u0119 du\u017cym ekranem praktycznie wsz\u0119dzie. Wanbo Vali 1 oferuje szeroki wyb\u00f3r port\u00f3w: <strong>HDMI, USB oraz AUDIO<\/strong>, co pozwala na \u0142atwe pod\u0142\u0105czenie r\u00f3\u017cnych \u017ar\u00f3de\u0142 sygna\u0142u. Dodatkowo port zasilania zosta\u0142 umieszczony w ergonomicznej lokalizacji, dzi\u0119ki czemu przew\u00f3d jest wygodnie przechowywany i nie pl\u0105cze si\u0119 podczas u\u017cytkowania.<\/p>\n<p><img decoding=\"async\" src=\"https:\/\/images.batna24.com\/products\/DNXGHIQNIRMMNH\/pl\/Wanbo_vali1_projektor-07.webp\" alt=\"Wanbo Vali 1 Bia\u0142y | Projektor | Full HD, 900 ANSI, Android TV 11, Gimbal\"> <img decoding=\"async\" src=\"https:\/\/images.batna24.com\/products\/DNXGHIQNIRMMNH\/pl\/Wanbo_vali1_projektor-08.webp\" alt=\"Wanbo Vali 1 Bia\u0142y | Projektor | Full HD, 900 ANSI, Android TV 11, Gimbal\"> <img decoding=\"async\" src=\"https:\/\/images.batna24.com\/products\/DNXGHIQNIRMMNH\/pl\/Wanbo_vali1_projektor-09.webp\" alt=\"Wanbo Vali 1 Bia\u0142y | Projektor | Full HD, 900 ANSI, Android TV 11, Gimbal\"><\/p>\n<h2>Przemy\u015blane miejsce do przechowywania pilota i ochrona obiektywu<\/h2>\n<p>W podstawie projektora przewidziano <strong>dedykowane miejsce na pilota<\/strong>, kt\u00f3re u\u0142atwia jego przechowywanie i zapewnia, \u017ce zawsze jest pod r\u0119k\u0105. Dodatkowo, projektor wyposa\u017cono w <strong>nak\u0142adk\u0119 ochronn\u0105 na obiektyw<\/strong>, kt\u00f3ra zabezpiecza go przed uszkodzeniami podczas transportu lub nieu\u017cywania urz\u0105dzenia.<\/p>\n<p><img decoding=\"async\" src=\"https:\/\/images.batna24.com\/products\/DNXGHIQNIRMMNH\/pl\/Wanbo_vali1_projektor-10.webp\" alt=\"Wanbo Vali 1 Bia\u0142y | Projektor | Full HD, 900 ANSI, Android TV 11, Gimbal\"><\/p>\n<h2>Tryb gry \u2013 p\u0142ynna i szybka rozrywka<\/h2>\n<p>Po aktywowaniu trybu gry <strong>wydajno\u015b\u0107 projektora wzrasta, a op\u00f3\u017anienia obrazu zmniejszaj\u0105 si\u0119<\/strong>, co pozwala na komfortowe granie bez lag\u00f3w i rozmy\u0107. To idealne rozwi\u0105zanie dla graczy, kt\u00f3rzy chc\u0105 korzysta\u0107 z du\u017cego ekranu i cieszy\u0107 si\u0119 p\u0142ynnym obrazem. Wyposa\u017cony w <strong>du\u017cy wentylator ch\u0142odz\u0105cy<\/strong>, Wanbo Vali 1 skutecznie rozprasza ciep\u0142o, nawet podczas d\u0142ugotrwa\u0142ego u\u017cytkowania. Przy tym poziom ha\u0142asu jest niski \u2013 tylko<strong> 28 dB<\/strong>, co gwarantuje komfortow\u0105 prac\u0119 bez uci\u0105\u017cliwego szumu.<\/p>\n<p><img decoding=\"async\" src=\"https:\/\/images.batna24.com\/products\/DNXGHIQNIRMMNH\/pl\/Wanbo_vali1_projektor-11.webp\" alt=\"Wanbo Vali 1 Bia\u0142y | Projektor | Full HD, 900 ANSI, Android TV 11, Gimbal\"> <img decoding=\"async\" src=\"https:\/\/images.batna24.com\/products\/DNXGHIQNIRMMNH\/pl\/Wanbo_vali1_projektor-12.webp\" alt=\"Wanbo Vali 1 Bia\u0142y | Projektor | Full HD, 900 ANSI, Android TV 11, Gimbal\"> <img decoding=\"async\" src=\"https:\/\/images.batna24.com\/products\/DNXGHIQNIRMMNH\/pl\/Wanbo_vali1_projektor-13.webp\" alt=\"Wanbo Vali 1 Bia\u0142y | Projektor | Full HD, 900 ANSI, Android TV 11, Gimbal\"><\/p>\n<h2>Wbudowany Chromecast \u2013 bezprzewodowe przesy\u0142anie tre\u015bci<\/h2>\n<p>Dzi\u0119ki wbudowanemu Chromecastowi mo\u017cesz w prosty spos\u00f3b przesy\u0142a\u0107 filmy, muzyk\u0119 i inne multimedia z telefonu, tabletu czy laptopa bez u\u017cycia kabli. Umo\u017cliwia to wygodne korzystanie z ulubionych aplikacji i us\u0142ug na du\u017cym ekranie.<\/p>\n<p><img decoding=\"async\" src=\"https:\/\/images.batna24.com\/products\/DNXGHIQNIRMMNH\/pl\/Wanbo_vali1_projektor-14.webp\" alt=\"Wanbo Vali 1 Bia\u0142y | Projektor | Full HD, 900 ANSI, Android TV 11, Gimbal\"> <img decoding=\"async\" src=\"https:\/\/images.batna24.com\/products\/DNXGHIQNIRMMNH\/pl\/Wanbo_vali1_projektor-15.webp\" alt=\"Wanbo Vali 1 Bia\u0142y | Projektor | Full HD, 900 ANSI, Android TV 11, Gimbal\"><\/p>\n<p>* Dzia\u0142anie aplikacji zewn\u0119trznych zale\u017cy od polityki i wymaga\u0144 ich dostawc\u00f3w. Dost\u0119pno\u015b\u0107 oraz funkcjonalno\u015b\u0107 aplikacji mo\u017ce ulec zmianie bez uprzedniego powiadomienia.W celu utrzymania kompatybilno\u015bci mo\u017ce by\u0107 wymagane zainstalowanie aktualizacji oprogramowania.<\/p>\n<p><strong>Producent nie gwarantuje wsparcia dla aplikacji firm trzecich przez ca\u0142y okres u\u017cytkowania urz\u0105dzenia.<\/strong><\/p>","protected":false},"excerpt":{"rendered":"<div class=\"shortdesc-name\">Full HD, 900 ANSI, Android TV 11, Gimbal<\/div>\n<p><\/p>\n<div class=\"shortdesc-codes\">KOD: WANBO VALI 1<\/div>\n<p><\/p>\n<div class=\"shortdesc-specifications\">\n<div class=\"shortdesc-spec\">Model: <a href=\"\/en\/model\/wanbo-vali-1\/\">Wanbo Vali 1<\/a><\/div>\n<div class=\"shortdesc-spec\">Colour: <a href=\"\/en\/kolor\/bialy\/\">White<\/a><\/div>\n<div class=\"shortdesc-spec\">Waga: <a href=\"\/en\/waga\/28-kg\/\">2,8 kg<\/a><\/div>\n<div class=\"shortdesc-spec\">Wymiary: <a href=\"\/en\/wymiary\/254-x-1888-x-2276-mm\/\">254 x 188,8 x 227,6 mm<\/a><\/div>\n<\/div>","protected":false},"featured_media":2329,"template":"","meta":[],"product_brand":[],"product_cat":[515],"product_tag":[],"class_list":{"0":"post-1857","1":"product","2":"type-product","3":"status-publish","4":"has-post-thumbnail","6":"product_cat-projektory","7":"sales-flash-overlay","8":"woocommerce-text-align-left","9":"woocommerce-image-align-center","10":"do-quantity-buttons","11":"wc-has-gallery","13":"first","14":"outofstock","15":"taxable","16":"shipping-taxable","17":"purchasable","18":"product-type-simple"},"_links":{"self":[{"href":"https:\/\/wanbo-polska.pl\/en\/wp-json\/wp\/v2\/product\/1857","targetHints":{"allow":["GET"]}}],"collection":[{"href":"https:\/\/wanbo-polska.pl\/en\/wp-json\/wp\/v2\/product"}],"about":[{"href":"https:\/\/wanbo-polska.pl\/en\/wp-json\/wp\/v2\/types\/product"}],"wp:featuredmedia":[{"embeddable":true,"href":"https:\/\/wanbo-polska.pl\/en\/wp-json\/wp\/v2\/media\/2329"}],"wp:attachment":[{"href":"https:\/\/wanbo-polska.pl\/en\/wp-json\/wp\/v2\/media?parent=1857"}],"wp:term":[{"taxonomy":"product_brand","embeddable":true,"href":"https:\/\/wanbo-polska.pl\/en\/wp-json\/wp\/v2\/product_brand?post=1857"},{"taxonomy":"product_cat","embeddable":true,"href":"https:\/\/wanbo-polska.pl\/en\/wp-json\/wp\/v2\/product_cat?post=1857"},{"taxonomy":"product_tag","embeddable":true,"href":"https:\/\/wanbo-polska.pl\/en\/wp-json\/wp\/v2\/product_tag?post=1857"}],"curies":[{"name":"wp","href":"https:\/\/api.w.org\/{rel}","templated":true}]}}