{"id":1228,"date":"2024-07-22T12:33:10","date_gmt":"2024-07-22T12:33:10","guid":{"rendered":"http:\/\/wanbo-polska.pl\/wanbo\/produkt\/wanbo-galaxy-light-eva-projektor-gwiazd\/"},"modified":"2026-03-25T11:05:28","modified_gmt":"2026-03-25T11:05:28","slug":"wanbo-galaxy-light-eva-projektor-gwiazd","status":"publish","type":"product","link":"https:\/\/wanbo-polska.pl\/en\/product\/wanbo-galaxy-light-eva-projektor-gwiazd\/","title":{"rendered":"Wanbo Galaxy Light EVA Star Projector"},"content":{"rendered":"<div class=\"section section-text\">\n<h2>Galactic projection at your fingertips - Wanbo EVA star projector<\/h2>\n<p>Transport your room to cosmic corners with the projector <strong>Wanbo EVA Capsule Galaxy Light<\/strong>. This device offers astonishing projections of the starry sky and dynamic ocean wave effects. Let the beauty of the cosmos embrace your space, creating an amazing atmosphere in any interior. Create an atmosphere full of magic and serenity in your home with the Wanbo EVA Capsule Galaxy Light Projector, which not only provides a <strong>spectacular visual effects<\/strong>but also <strong>excellent sound background<\/strong> for your evenings of relaxation.<\/p>\n<\/div>\n<div class=\"section section-image\">\n<img decoding=\"async\" src=\"https:\/\/www.batna24.com\/products\/DNXGGMLSDRMMKQ\/wanbo-eva-01.webp\"\ndata-src=\"https:\/\/www.batna24.com\/products\/DNXGGMLSDRMMKQ\/wanbo-eva-01.webp\"\nalt=\"WANBO GALAXY LIGHT EVA, WPL11 - PROJEKTOR GWIAZD\">\n<\/div>\n<div class=\"section section-text\">\n<h2>Music from your smartphone and soothing white noise<\/h2>\n<p>Enjoy the full experience with music playback via your smartphone thanks to the <strong>Bluetooth 5.0 and built-in 3W speaker<\/strong>. Wanbo EVA enables the use of <strong>white noise<\/strong> and music, which promotes relaxation and meditation. Connect your device to the projector and let the combination of visuals and sound enhance the quality of your relaxation time.<\/p>\n<\/div>\n<div class=\"section section-image\">\n<img decoding=\"async\" src=\"https:\/\/www.batna24.com\/products\/DNXGGMLSDRMMKQ\/wanbo-eva-03.webp\"\ndata-src=\"https:\/\/www.batna24.com\/products\/DNXGGMLSDRMMKQ\/wanbo-eva-03.webp\"\nalt=\"WANBO GALAXY LIGHT EVA, WPL11 - PROJEKTOR GWIAZD\">\n<\/div>\n<div class=\"section section-text\">\n<h2>Elegant design and functionality<\/h2>\n<p>The Wanbo EVA projector was made of <strong>high quality materials and components<\/strong>, making its stylish design a perfect match for any interior. The unit is compact and its housing and tilt adjustment (from 0 to 20 degrees) make it easy to adjust the projection angle to suit individual needs. The maximum projection range is 6.4 metres over a total area of up to 20m2, and RGB colour calibration ensures optimum visual effects.<\/p>\n<\/div>\n<div class=\"section section-image\">\n<img decoding=\"async\" src=\"https:\/\/www.batna24.com\/products\/DNXGGMLSDRMMKQ\/wanbo-eva-02.webp\"\ndata-src=\"https:\/\/www.batna24.com\/products\/DNXGGMLSDRMMKQ\/wanbo-eva-02.webp\"\nalt=\"WANBO GALAXY LIGHT EVA, WPL11 - PROJEKTOR GWIAZD\">\n<\/div>\n<div class=\"section section-text\">\n<h2>Advanced features for your comfort<\/h2>\n<p>The Wanbo EVA offers a variety of lighting modes, such as <strong>Aurora Night, Sea of Blue Star, Spectrum of the Moon and Starry Night<\/strong>. With its night light function, the projector emits a soft and gentle light that is ideal for falling asleep. The adjustability allows you to change the shapes of the stars, the use of a timer with automatic shut-off after 30, 60 or 120 minutes guarantees a peaceful sleep under the aurora.<\/p>\n<\/div>\n<div class=\"section section-image\">\n<img decoding=\"async\" src=\"https:\/\/www.batna24.com\/products\/DNXGGMLSDRMMKQ\/wanbo-eva-04.webp\"\ndata-src=\"https:\/\/www.batna24.com\/products\/DNXGGMLSDRMMKQ\/wanbo-eva-04.webp\"\nalt=\"WANBO GALAXY LIGHT EVA, WPL11 - PROJEKTOR GWIAZD\">\n<\/div>","protected":false},"excerpt":{"rendered":"<div class=\"shortdesc-name\">Bluetooth 5.0, white noise<\/div>\n<p><\/p>\n<div class=\"shortdesc-codes\">KOD: WANBO GALAXY LIGHT EVA<\/div>\n<p><\/p>\n<div class=\"shortdesc-specifications\">\n<div class=\"shortdesc-spec\">\u0141\u0105czno\u015b\u0107: <a href=\"\/en\/lacznosc\/bluetooth-5-0\/\">Bluetooth 5.0<\/a><\/div>\n<div class=\"shortdesc-spec\">\u015awiat\u0142o LED: <a href=\"\/en\/swiatlo-led\/520-nm\/\">520 nm<\/a><\/div>\n<div class=\"shortdesc-spec\">G\u0142o\u015bnik: <a href=\"\/en\/glosnik\/3-w\/\">3 W<\/a><\/div>\n<div class=\"shortdesc-spec\">Ilo\u015b\u0107 tryb\u00f3w projekcji: <a href=\"\/en\/ilosc-trybow-projekcji\/aurora-night-sea-of-blue-star-spectrum-of-the-moon-oraz-starry-night\/\">Aurora Night, Sea of Blue Star, Spectrum of the Moon and Starry Night<\/a><\/div>\n<\/div>","protected":false},"featured_media":1229,"template":"","meta":[],"product_brand":[],"product_cat":[15],"product_tag":[],"class_list":{"0":"post-1228","1":"product","2":"type-product","3":"status-publish","4":"has-post-thumbnail","6":"product_cat-bez-kategorii","7":"pa_glosnik-3-w","8":"pa_ilosc-trybow-projekcji-aurora-night-sea-of-blue-star-spectrum-of-the-moon-oraz-starry-night","9":"pa_lacznosc-bluetooth-5-0","10":"pa_regulacja-nachylenia-od-0-do-20-stopni","11":"pa_swiatlo-led-520-nm","12":"pa_timer-30-min-60-min-120-min","13":"sales-flash-overlay","14":"woocommerce-text-align-left","15":"woocommerce-image-align-center","16":"do-quantity-buttons","17":"wc-has-gallery","19":"first","20":"instock","21":"taxable","22":"shipping-taxable","23":"purchasable","24":"product-type-simple"},"_links":{"self":[{"href":"https:\/\/wanbo-polska.pl\/en\/wp-json\/wp\/v2\/product\/1228","targetHints":{"allow":["GET"]}}],"collection":[{"href":"https:\/\/wanbo-polska.pl\/en\/wp-json\/wp\/v2\/product"}],"about":[{"href":"https:\/\/wanbo-polska.pl\/en\/wp-json\/wp\/v2\/types\/product"}],"wp:featuredmedia":[{"embeddable":true,"href":"https:\/\/wanbo-polska.pl\/en\/wp-json\/wp\/v2\/media\/1229"}],"wp:attachment":[{"href":"https:\/\/wanbo-polska.pl\/en\/wp-json\/wp\/v2\/media?parent=1228"}],"wp:term":[{"taxonomy":"product_brand","embeddable":true,"href":"https:\/\/wanbo-polska.pl\/en\/wp-json\/wp\/v2\/product_brand?post=1228"},{"taxonomy":"product_cat","embeddable":true,"href":"https:\/\/wanbo-polska.pl\/en\/wp-json\/wp\/v2\/product_cat?post=1228"},{"taxonomy":"product_tag","embeddable":true,"href":"https:\/\/wanbo-polska.pl\/en\/wp-json\/wp\/v2\/product_tag?post=1228"}],"curies":[{"name":"wp","href":"https:\/\/api.w.org\/{rel}","templated":true}]}}