{"id":3,"date":"2024-07-15T10:19:10","date_gmt":"2024-07-15T10:19:10","guid":{"rendered":"http:\/\/wanbo-polska.pl\/wanbo\/?page_id=3"},"modified":"2024-08-20T08:45:46","modified_gmt":"2024-08-20T08:45:46","slug":"privacy-policy","status":"publish","type":"page","link":"https:\/\/wanbo-polska.pl\/en\/privacy-policy\/","title":{"rendered":"Privacy Policy"},"content":{"rendered":"<div data-elementor-type=\"wp-page\" data-elementor-id=\"3\" class=\"elementor elementor-3\" data-elementor-post-type=\"page\">\n\t\t\t\t<div class=\"elementor-element elementor-element-68cd90d e-flex e-con-boxed e-con e-parent\" data-id=\"68cd90d\" data-element_type=\"container\" data-e-type=\"container\">\n\t\t\t\t\t<div class=\"e-con-inner\">\n\t\t\t\t<div class=\"elementor-element elementor-element-02a7858 elementor-widget elementor-widget-heading\" data-id=\"02a7858\" data-element_type=\"widget\" data-e-type=\"widget\" data-widget_type=\"heading.default\">\n\t\t\t\t<div class=\"elementor-widget-container\">\n\t\t\t\t\t<h1 class=\"elementor-heading-title elementor-size-default\">Privacy policy<\/h1>\t\t\t\t<\/div>\n\t\t\t\t<\/div>\n\t\t\t\t<div class=\"elementor-element elementor-element-4e06d52 elementor-widget elementor-widget-text-editor\" data-id=\"4e06d52\" data-element_type=\"widget\" data-e-type=\"widget\" data-widget_type=\"text-editor.default\">\n\t\t\t\t<div class=\"elementor-widget-container\">\n\t\t\t\t\t\t\t\t\t<p>Drogi U\u017cytkowniku ochrona Twoich danych osobowych jest dla nas bardzo wa\u017cna. Zapewniamy, \u017ce dbamy o Twoj\u0105 prywatno\u015b\u0107 i w tym celu wdro\u017cyli\u015bmy \u015brodki prawne, jak r\u00f3wnie\u017c techniczne. Zgodnie z przepisami RODO, czyli og\u00f3lnym rozporz\u0105dzeniem o ochronie danych, poni\u017cej prezentujemy Ci najwa\u017cniejsze informacje o zasadach przetwarzania przez nas Twoich danych osobowych.<\/p>\t\t\t\t\t\t\t\t<\/div>\n\t\t\t\t<\/div>\n\t\t\t\t\t<\/div>\n\t\t\t\t<\/div>\n\t\t<div class=\"elementor-element elementor-element-6705ae17 e-flex e-con-boxed e-con e-parent\" data-id=\"6705ae17\" data-element_type=\"container\" data-e-type=\"container\">\n\t\t\t\t\t<div class=\"e-con-inner\">\n\t\t\t\t<div class=\"elementor-element elementor-element-5bb5b95 elementor-widget elementor-widget-heading\" data-id=\"5bb5b95\" data-element_type=\"widget\" data-e-type=\"widget\" data-widget_type=\"heading.default\">\n\t\t\t\t<div class=\"elementor-widget-container\">\n\t\t\t\t\t<h2 class=\"elementor-heading-title elementor-size-default\">I. Definicje<\/h2>\t\t\t\t<\/div>\n\t\t\t\t<\/div>\n\t\t\t\t<div class=\"elementor-element elementor-element-bfa20f8 elementor-widget elementor-widget-text-editor\" data-id=\"bfa20f8\" data-element_type=\"widget\" data-e-type=\"widget\" data-widget_type=\"text-editor.default\">\n\t\t\t\t<div class=\"elementor-widget-container\">\n\t\t\t\t\t\t\t\t\t<p>Zwroty i wyra\u017cenia u\u017cyte w niniejszej Polityce maj\u0105 nast\u0119puj\u0105ce znaczenie:<\/p>\n<p><strong>\u00b7 dane osobowe<\/strong> \u2013 w rozumieniu art. 4 pkt 1) RODO oznaczaj\u0105 wszelkie informacje o zidentyfikowanej lub mo\u017cliwej do zidentyfikowania osobie fizycznej (\u201eosobie, kt\u00f3rej dane dotycz\u0105\u201d); mo\u017cliwa do zidentyfikowania osoba fizyczna to osoba, kt\u00f3r\u0105 mo\u017cna bezpo\u015brednio lub po\u015brednio zidentyfikowa\u0107;<\/p>\n<p><strong>\u00b7 przetwarzanie<\/strong> \u2013 w rozumieniu art. 4 pkt 2) RODO oznacza operacj\u0119 lub zestaw operacji wykonywanych na danych osobowych lub zestawach danych osobowych w spos\u00f3b zautomatyzowany lub niezautomatyzowany, tak\u0105 jak zbieranie, utrwalanie, organizowanie, porz\u0105dkowanie, przechowywanie, adaptowanie lub modyfikowanie, pobieranie, przegl\u0105danie, wykorzystywanie, ujawnianie poprzez przes\u0142anie, rozpowszechnianie lub innego rodzaju udost\u0119pnianie, dopasowywanie lub \u0142\u0105czenie, ograniczanie, usuwanie lub niszczenie;<\/p>\n<p><strong>\u00b7 RODO<\/strong> \u2013 rozporz\u0105dzenie Parlamentu Europejskiego i Rady (UE) 2016\/679 z dnia 27 kwietnia 2016 r. w sprawie ochrony os\u00f3b fizycznych w zwi\u0105zku z przetwarzaniem danych osobowych i w sprawie swobodnego przep\u0142ywu takich danych oraz uchylenia dyrektywy 95\/46\/WE (og\u00f3lne rozporz\u0105dzenie o ochronie danych);<\/p>\n<p><strong>\u00b7 administrator<\/strong> \u2013 w rozumieniu art. 4 pkt 7) RODO oznacza administratora danych, a wi\u0119c podmiot, kt\u00f3ry samodzielnie lub wsp\u00f3lnie z innymi ustala cele i sposoby przetwarzania danych osobowych. Ilekro\u0107 w niniejszej Polityce mowa o administratorze rozumie si\u0119 przez to BATNA Sp. z o.o. z siedzib\u0105 42-202 Cz\u0119stochowa ul. Bozna\u0144skiej 3E wpisana do Krajowego Rejestru S\u0105dowego \u2013 rejestru przedsi\u0119biorc\u00f3w przez S\u0105d Rejonowy w Cz\u0119stochowie, XVII Wydzia\u0142 Gospodarczy Krajowego Rejestru S\u0105dowego, pod nr KRS: 0001003926, NIP: 5732901461, nr REGON: 380387214;<\/p>\n<p><strong>\u00b7 u\u017cytkownik<\/strong> \u2013 osoba fizyczna, kt\u00f3ra korzysta z serwisu Wanbo<\/p>\t\t\t\t\t\t\t\t<\/div>\n\t\t\t\t<\/div>\n\t\t\t\t<div class=\"elementor-element elementor-element-eeac95b elementor-widget elementor-widget-heading\" data-id=\"eeac95b\" data-element_type=\"widget\" data-e-type=\"widget\" data-widget_type=\"heading.default\">\n\t\t\t\t<div class=\"elementor-widget-container\">\n\t\t\t\t\t<h2 class=\"elementor-heading-title elementor-size-default\">II. Postanowienia og\u00f3lne<\/h2>\t\t\t\t<\/div>\n\t\t\t\t<\/div>\n\t\t\t\t<div class=\"elementor-element elementor-element-938ce8a elementor-widget elementor-widget-text-editor\" data-id=\"938ce8a\" data-element_type=\"widget\" data-e-type=\"widget\" data-widget_type=\"text-editor.default\">\n\t\t\t\t<div class=\"elementor-widget-container\">\n\t\t\t\t\t\t\t\t\t<p>Administratorem danych osobowych zbieranych za po\u015brednictwem strony Wanbo jest BATNA Sp. z o.o. z siedzib\u0105: 42-202 Cz\u0119stochowa ul. Bozna\u0144skiej 3E wpisana do Krajowego Rejestru S\u0105dowego \u2013 rejestru przedsi\u0119biorc\u00f3w przez S\u0105d Rejonowy w Cz\u0119stochowie, XVII Wydzia\u0142 Gospodarczy Krajowego Rejestru S\u0105dowego, pod nr KRS: 0001003926, NIP: 5732901461, nr REGON: 380387214. Z Administratorem mo\u017cesz si\u0119 kontaktowa\u0107 za po\u015brednictwem poczty elektronicznej: <span class=\"ui-provider a b c d e f g h i j k l m n o p q r s t u v w x y z ab ac ae af ag ah ai aj ak\" dir=\"ltr\">kontakt@wanbo-polska.pl<\/span><\/p>\t\t\t\t\t\t\t\t<\/div>\n\t\t\t\t<\/div>\n\t\t\t\t<div class=\"elementor-element elementor-element-5503f4f elementor-widget elementor-widget-heading\" data-id=\"5503f4f\" data-element_type=\"widget\" data-e-type=\"widget\" data-widget_type=\"heading.default\">\n\t\t\t\t<div class=\"elementor-widget-container\">\n\t\t\t\t\t<h2 class=\"elementor-heading-title elementor-size-default\">III. Zakres oraz cel zbieranych danych<\/h2>\t\t\t\t<\/div>\n\t\t\t\t<\/div>\n\t\t\t\t<div class=\"elementor-element elementor-element-5d9c7e2 elementor-widget elementor-widget-text-editor\" data-id=\"5d9c7e2\" data-element_type=\"widget\" data-e-type=\"widget\" data-widget_type=\"text-editor.default\">\n\t\t\t\t<div class=\"elementor-widget-container\">\n\t\t\t\t\t\t\t\t\t<p>\u00a0Dane osobowe b\u0119d\u0105 przetwarzane w nast\u0119puj\u0105cych celach:<\/p>\n<p>a) Marketingowych (w szczeg\u00f3lno\u015bci przesy\u0142ania newslettera, za zgod\u0105 U\u017cytkownika).<\/p>\n<p>Wszystkie dane osobowe b\u0119d\u0105 przetwarzane w oparciu o uzasadniony interes Administratora (art. 6 ust. 1 lit. f RODO).<\/p>\n<p>Twoje dane osobowe b\u0119d\u0105 przetwarzane nie d\u0142u\u017cej ni\u017c do czasu wniesienia przez Ciebie sprzeciwu lub ustania celu biznesowego \u2013 w zale\u017cno\u015bci od tego, co nast\u0105pi wcze\u015bniej.<\/p>\n<p>Podanie danych osobowych jest dobrowolne, jednak\u017ce brak zgody na przetwarzanie danych osobowych mo\u017ce uniemo\u017cliwi\u0107 \u015bwiadczenie us\u0142ug drog\u0105 elektroniczn\u0105 \u2013 otrzymania informacji merketingowych\/handlowych.<\/p>\n<p>Zgodnie z art. 10 ustawy z dnia 18.07.2022 r. o \u015bwiadczeniu us\u0142ug drog\u0105 elektroniczn\u0105 do cel\u00f3w komunikacji handlowej oraz telefonicznej potrzebujemy Twojej zgody. Mo\u017cesz j\u0105 w ka\u017cdej chwili wycofa\u0107, klikaj\u0105c link w stopce maila lub pisz\u0105c do nas na adres e-mail sales@extralink24.com<\/p>\n<p>b) Informowania o us\u0142ugach, produktach i promocjach Administratora (za zgod\u0105 U\u017cytkownika).<\/p>\n<p>Dane b\u0119d\u0105 przetwarzane w oparciu o uzasadniony interes Administratora(art. 6 ust. 1 lit. f RODO).<\/p>\n<p>Twoje dane osobowe b\u0119d\u0105 przetwarzane nie d\u0142u\u017cej ni\u017c do czasu wniesienia przez Ciebie sprzeciwu.<\/p>\n<p>Podanie danych osobowych jest dobrowolne, jednak\u017ce brak zgody na przetwarzanie danych osobowych mo\u017ce uniemo\u017cliwi\u0107 \u015bwiadczenie us\u0142ug drog\u0105 elektroniczn\u0105 \u2013 otrzymania informacji o us\u0142ugach, produktach i promocjach.<\/p>\n<p>Zgodnie z art. 10 ustawy z dnia 18.07.2022 r. o \u015bwiadczeniu us\u0142ug drog\u0105 elektroniczn\u0105 do cel\u00f3w komunikacji handlowej oraz telefonicznej potrzebujemy Twojej zgody. Mo\u017cesz j\u0105 w ka\u017cdej chwili wycofa\u0107, klikaj\u0105c link w stopce maila lub pisz\u0105c do nas na adres e-mail kontakt@kingsmith-polska.pl<\/p>\n<p>c) Ustalanie i dochodzenia roszcze\u0144 lub obrona przed nimi.<\/p>\n<p>Wszystkie dane osobowe b\u0119d\u0105 przetwarzane w oparciu o uzasadniony interes Administratora (art. 6 ust. 1 lit. f RODO), polegaj\u0105cy na mo\u017cliwo\u015bci ustalenia, dochodzenia lub obrony przed roszczeniami.<\/p>\n<p>Twoje dane b\u0119d\u0105 przetwarzane do czasu przedawnienia roszcze\u0144 \u2013 zgodnie z przepisami powszechnie obowi\u0105zuj\u0105cego prawa.<\/p>\t\t\t\t\t\t\t\t<\/div>\n\t\t\t\t<\/div>\n\t\t\t\t<div class=\"elementor-element elementor-element-b2221e5 elementor-widget elementor-widget-heading\" data-id=\"b2221e5\" data-element_type=\"widget\" data-e-type=\"widget\" data-widget_type=\"heading.default\">\n\t\t\t\t<div class=\"elementor-widget-container\">\n\t\t\t\t\t<h2 class=\"elementor-heading-title elementor-size-default\">IV. Przekazywanie danych osobowych<\/h2>\t\t\t\t<\/div>\n\t\t\t\t<\/div>\n\t\t\t\t<div class=\"elementor-element elementor-element-0306ecd elementor-widget elementor-widget-text-editor\" data-id=\"0306ecd\" data-element_type=\"widget\" data-e-type=\"widget\" data-widget_type=\"text-editor.default\">\n\t\t\t\t<div class=\"elementor-widget-container\">\n\t\t\t\t\t\t\t\t\t<p>Twoje dane osobowe mog\u0119 by\u0107 udost\u0119pniane nast\u0119puj\u0105cym kategoriom podmiot\u00f3w: upowa\u017cnieni pracownicy i wsp\u00f3\u0142pracownicy Administratora, dostawcy us\u0142ug zaopatruj\u0105cych Administratora w rozwi\u0105zania techniczne oraz organizacyjne, podmiotu wspieraj\u0105ce Administratora w \u015bwiadczeniu us\u0142ug, podmiotom \u015bwiadcz\u0105cym us\u0142ugi IT, marketingowe, dostawcy us\u0142ug prawnych i doradczych.<\/p>\t\t\t\t\t\t\t\t<\/div>\n\t\t\t\t<\/div>\n\t\t\t\t<div class=\"elementor-element elementor-element-3d0277a elementor-widget elementor-widget-heading\" data-id=\"3d0277a\" data-element_type=\"widget\" data-e-type=\"widget\" data-widget_type=\"heading.default\">\n\t\t\t\t<div class=\"elementor-widget-container\">\n\t\t\t\t\t<h2 class=\"elementor-heading-title elementor-size-default\">V. Zasady Bezpiecze\u0144stwa<\/h2>\t\t\t\t<\/div>\n\t\t\t\t<\/div>\n\t\t\t\t<div class=\"elementor-element elementor-element-c9e6f2b elementor-widget elementor-widget-text-editor\" data-id=\"c9e6f2b\" data-element_type=\"widget\" data-e-type=\"widget\" data-widget_type=\"text-editor.default\">\n\t\t\t\t<div class=\"elementor-widget-container\">\n\t\t\t\t\t\t\t\t\t<p>Zapewniamy bezpiecze\u0144stwo Twoich danych osobowych dzi\u0119ki odpowiednim \u015brodkom technicznym oraz organizacyjnym, maj\u0105cym na celu zapobie\u017cenie bezprawnemu przetwarzaniu danych oraz ich przypadkowej utracie, zniszczeniu oraz uszkodzeniu.<\/p>\t\t\t\t\t\t\t\t<\/div>\n\t\t\t\t<\/div>\n\t\t\t\t<div class=\"elementor-element elementor-element-60185c4 elementor-widget elementor-widget-heading\" data-id=\"60185c4\" data-element_type=\"widget\" data-e-type=\"widget\" data-widget_type=\"heading.default\">\n\t\t\t\t<div class=\"elementor-widget-container\">\n\t\t\t\t\t<h2 class=\"elementor-heading-title elementor-size-default\">VI. Twoje uprawnienia<\/h2>\t\t\t\t<\/div>\n\t\t\t\t<\/div>\n\t\t\t\t<div class=\"elementor-element elementor-element-1d5f99e elementor-widget elementor-widget-text-editor\" data-id=\"1d5f99e\" data-element_type=\"widget\" data-e-type=\"widget\" data-widget_type=\"text-editor.default\">\n\t\t\t\t<div class=\"elementor-widget-container\">\n\t\t\t\t\t\t\t\t\t<p>Na podstawie przepis\u00f3w RODO przys\u0142uguj\u0105 Ci poni\u017csze prawa:<\/p>\n<p>\u00b7 dost\u0119pu do tre\u015bci swoich danych osobowych,<\/p>\n<p>\u00b7 sprostowania danych osobowych,<\/p>\n<p>\u00b7 usuni\u0119cia danych (\u201eprawo do bycia zapomnianym\u201d),<\/p>\n<p>\u00b7 ograniczenia przetwarzania,<\/p>\n<p>\u00b7 sprzeciwu wobec przetwarzania Twoich danych osobowych,<\/p>\n<p>\u00b7 przenoszenia danych osobowych,<\/p>\n<p>\u00b7 cofni\u0119cia zgody; wycofanie zgody nie wp\u0142ywa na zgodno\u015b\u0107 z prawem przetwarzania dokonanego przed jej cofni\u0119ciem.<\/p>\n<p>Skontaktuj si\u0119 z nami pod adresem: BATNA Sp. z o.o. z siedzib\u0105 42-202 Cz\u0119stochowa ul. Bozna\u0144skiej 3E, je\u017celi chcesz skorzysta\u0107 z w.w uprawnie\u0144. Je\u017celi uznasz, \u017ce Twoje dane osobowe s\u0105 przetwarzane niezgodnie z prawem, mo\u017cesz wnie\u015b\u0107 skarg\u0119 do organu nadzorczego zajmuj\u0105cego si\u0119 ochron\u0105 danych osobowych, tj. Prezesa Urz\u0119du Ochrony Danych Osobowych (ul. Stawki 2, 00-193 Warszawa, e-mail: kancelaria@uodo.gov.pl).<\/p>\t\t\t\t\t\t\t\t<\/div>\n\t\t\t\t<\/div>\n\t\t\t\t<div class=\"elementor-element elementor-element-6d55248 elementor-widget elementor-widget-heading\" data-id=\"6d55248\" data-element_type=\"widget\" data-e-type=\"widget\" data-widget_type=\"heading.default\">\n\t\t\t\t<div class=\"elementor-widget-container\">\n\t\t\t\t\t<h2 class=\"elementor-heading-title elementor-size-default\">VII. Postanowienia ko\u0144cowe<\/h2>\t\t\t\t<\/div>\n\t\t\t\t<\/div>\n\t\t\t\t<div class=\"elementor-element elementor-element-059456e elementor-widget elementor-widget-text-editor\" data-id=\"059456e\" data-element_type=\"widget\" data-e-type=\"widget\" data-widget_type=\"text-editor.default\">\n\t\t\t\t<div class=\"elementor-widget-container\">\n\t\t\t\t\t\t\t\t\t<p>Zasady okre\u015blone w niniejszym dokumencie mog\u0105 ulec zmianie. O zmianie zasad U\u017cytkownik zostanie poinformowany z odpowiednim wyprzedzeniem, nie p\u00f3\u017aniej ni\u017c na 7 dni przed ich wprowadzeniem, poprzez zamieszczenie nowej tre\u015bci niniejszego dokumentu na stronie internetowej Wanbo.<\/p>\t\t\t\t\t\t\t\t<\/div>\n\t\t\t\t<\/div>\n\t\t\t\t<div class=\"elementor-element elementor-element-121b4aa elementor-widget elementor-widget-heading\" data-id=\"121b4aa\" data-element_type=\"widget\" data-e-type=\"widget\" data-widget_type=\"heading.default\">\n\t\t\t\t<div class=\"elementor-widget-container\">\n\t\t\t\t\t<h2 class=\"elementor-heading-title elementor-size-default\">VII. Pliki cookies<\/h2>\t\t\t\t<\/div>\n\t\t\t\t<\/div>\n\t\t\t\t<div class=\"elementor-element elementor-element-37b4971 elementor-widget elementor-widget-text-editor\" data-id=\"37b4971\" data-element_type=\"widget\" data-e-type=\"widget\" data-widget_type=\"text-editor.default\">\n\t\t\t\t<div class=\"elementor-widget-container\">\n\t\t\t\t\t\t\t\t\t<div id=\"doc-sectionJ\" class=\"section-div\"><div><div>Nasz Sklep, jak wi\u0119kszo\u015b\u0107 witryn internetowych, korzysta z tzw. plik\u00f3w cookies (ciasteczek). Pliki te:<ul><li>s\u0105 zapisywane w pami\u0119ci Twojego urz\u0105dzenia (komputera, telefonu, itd.);<\/li><li>umo\u017cliwiaj\u0105 Ci m.in. korzystanie ze wszystkich dost\u0119pnych dla Ciebie funkcji Sklepu;<\/li><li>nie powoduj\u0105 zmian w ustawieniach Twojego urz\u0105dzenia.<\/li><\/ul>Korzystaj\u0105c z odpowiednich opcji Twojej przegl\u0105darki, w ka\u017cdej chwili mo\u017cesz:<ul><li>usun\u0105\u0107 pliki cookies,<\/li><li>blokowa\u0107 wykorzystanie plik\u00f3w cookies w przysz\u0142o\u015bci.<\/li><\/ul>W tym Sklepie ciasteczka wykorzystywane s\u0105 w celach:<ul><li>zapami\u0119tywania informacji o Twojej sesji,<\/li><li>statystycznych,<\/li><li>marketingowych.<\/li><\/ul>Aby dowiedzie\u0107 si\u0119, jak zarz\u0105dza\u0107 plikami cookies, w tym jak wy\u0142\u0105czy\u0107 ich obs\u0142ug\u0119 w Twojej przegl\u0105darce, mo\u017cesz skorzysta\u0107 z pliku pomocy Twojej przegl\u0105darki. Z informacjami na ten temat mo\u017cesz zapozna\u0107 si\u0119 wciskaj\u0105c klawisz F1 w przegl\u0105darce. Ponadto odpowiednie wskaz\u00f3wki znajdziesz na nast\u0119puj\u0105cych podstronach, w zale\u017cno\u015bci od przegl\u0105darki, kt\u00f3rej u\u017cywasz:<ul><li>Firefox<\/li><li>Chrome<\/li><li>Safari<\/li><li>Internet Explorer \/ Microsoft Edge<\/li><\/ul>Je\u015bli nie wy\u0142\u0105czysz wykorzystywania plik\u00f3w cookies w ustawieniach przegl\u0105darki, oznacza to, \u017ce wyra\u017casz zgod\u0119 na ich wykorzystanie. Pliki cookies nie b\u0119d\u0105 przetwarzane przez nas d\u0142u\u017cej ni\u017c\u00a014\u00a0dni. Z zapisanych ze Sklepu ciasteczek korzystaj\u0105 podmioty zapewniaj\u0105ce nam us\u0142ugi marketingowe i analityczne \u2013 wi\u0119cej dowiesz si\u0119 z tabeli poni\u017cej. Wi\u0119cej informacji o ciasteczkach znajdziesz w\u00a0<a href=\"https:\/\/pl.wikipedia.org\/wiki\/HTTP_cookie\" target=\"_blank\" rel=\"noopener\">Wikipedii<\/a>.<\/div><hr \/><\/div><\/div><div id=\"doc-sectionK\" class=\"section-div\">\u00a0<\/div>\t\t\t\t\t\t\t\t<\/div>\n\t\t\t\t<\/div>\n\t\t\t\t\t<\/div>\n\t\t\t\t<\/div>\n\t\t\t\t<\/div>","protected":false},"excerpt":{"rendered":"<p>Polityka prywatno\u015bci Drogi U\u017cytkowniku ochrona Twoich danych osobowych jest dla nas bardzo wa\u017cna. Zapewniamy, \u017ce dbamy o Twoj\u0105 prywatno\u015b\u0107 i w tym celu wdro\u017cyli\u015bmy \u015brodki prawne, jak r\u00f3wnie\u017c techniczne. Zgodnie z przepisami RODO, czyli og\u00f3lnym &#8230; <\/p>\n<p class=\"read-more-container\"><a title=\"Privacy Policy\" class=\"read-more button\" href=\"https:\/\/wanbo-polska.pl\/en\/privacy-policy\/#more-3\" aria-label=\"Read more about Privacy Policy\">Read more<\/a><\/p>","protected":false},"author":1,"featured_media":0,"parent":0,"menu_order":0,"comment_status":"closed","ping_status":"closed","template":"elementor_header_footer","meta":{"footnotes":""},"class_list":["post-3","page","type-page","status-publish"],"_links":{"self":[{"href":"https:\/\/wanbo-polska.pl\/en\/wp-json\/wp\/v2\/pages\/3","targetHints":{"allow":["GET"]}}],"collection":[{"href":"https:\/\/wanbo-polska.pl\/en\/wp-json\/wp\/v2\/pages"}],"about":[{"href":"https:\/\/wanbo-polska.pl\/en\/wp-json\/wp\/v2\/types\/page"}],"author":[{"embeddable":true,"href":"https:\/\/wanbo-polska.pl\/en\/wp-json\/wp\/v2\/users\/1"}],"replies":[{"embeddable":true,"href":"https:\/\/wanbo-polska.pl\/en\/wp-json\/wp\/v2\/comments?post=3"}],"version-history":[{"count":18,"href":"https:\/\/wanbo-polska.pl\/en\/wp-json\/wp\/v2\/pages\/3\/revisions"}],"predecessor-version":[{"id":1523,"href":"https:\/\/wanbo-polska.pl\/en\/wp-json\/wp\/v2\/pages\/3\/revisions\/1523"}],"wp:attachment":[{"href":"https:\/\/wanbo-polska.pl\/en\/wp-json\/wp\/v2\/media?parent=3"}],"curies":[{"name":"wp","href":"https:\/\/api.w.org\/{rel}","templated":true}]}}