{"id":1930,"date":"2025-07-14T09:33:39","date_gmt":"2025-07-14T09:33:39","guid":{"rendered":"https:\/\/wanbo-polska.pl\/?page_id=1930"},"modified":"2025-07-14T12:52:00","modified_gmt":"2025-07-14T12:52:00","slug":"sprawdz-urzadzenie","status":"publish","type":"page","link":"https:\/\/wanbo-polska.pl\/en\/sprawdz-urzadzenie\/","title":{"rendered":"sprawd\u017a urz\u0105dzenie"},"content":{"rendered":"<div data-elementor-type=\"wp-page\" data-elementor-id=\"1930\" class=\"elementor elementor-1930\" data-elementor-post-type=\"page\">\n\t\t\t\t<div class=\"elementor-element elementor-element-120d063a e-flex e-con-boxed e-con e-parent\" data-id=\"120d063a\" data-element_type=\"container\" data-e-type=\"container\" data-settings=\"{&quot;background_background&quot;:&quot;classic&quot;}\">\n\t\t\t\t\t<div class=\"e-con-inner\">\n\t\t\t\t<div class=\"elementor-element elementor-element-4df8c71b elementor-widget elementor-widget-heading\" data-id=\"4df8c71b\" data-element_type=\"widget\" data-e-type=\"widget\" data-widget_type=\"heading.default\">\n\t\t\t\t<div class=\"elementor-widget-container\">\n\t\t\t\t\t<h2 class=\"elementor-heading-title elementor-size-default\">Sprawd\u017a czy twoje urz\u0105dzenie pochodzi z oficjalnej dystrybucji <\/h2>\t\t\t\t<\/div>\n\t\t\t\t<\/div>\n\t\t\t\t<div class=\"elementor-element elementor-element-5e104b1a elementor-widget elementor-widget-text-editor\" data-id=\"5e104b1a\" data-element_type=\"widget\" data-e-type=\"widget\" data-widget_type=\"text-editor.default\">\n\t\t\t\t<div class=\"elementor-widget-container\">\n\t\t\t\t\t\t\t\t\t<p>Wybieraj\u0105c urz\u0105dzenie Wanbo, pami\u0119taj, \u017ce autoryzowane sklepy i strony internetowe musz\u0105 oferowa\u0107 je z oficjalnej dystrybucji. Na naszej stronie mo\u017cesz sprawdzi\u0107 czy urz\u0105dzenie pochodzi z Polskiej dystrybucji i podlega gwarancji.\u00a0<\/p>\t\t\t\t\t\t\t\t<\/div>\n\t\t\t\t<\/div>\n\t\t\t\t\t<\/div>\n\t\t\t\t<\/div>\n\t\t<div class=\"elementor-element elementor-element-6447ff06 e-flex e-con-boxed e-con e-parent\" data-id=\"6447ff06\" data-element_type=\"container\" data-e-type=\"container\" data-settings=\"{&quot;background_background&quot;:&quot;classic&quot;}\">\n\t\t\t\t\t<div class=\"e-con-inner\">\n\t\t<div class=\"elementor-element elementor-element-30a031d5 e-con-full e-flex e-con e-child\" data-id=\"30a031d5\" data-element_type=\"container\" data-e-type=\"container\" data-settings=\"{&quot;background_background&quot;:&quot;classic&quot;}\">\n\t\t\t\t<div class=\"elementor-element elementor-element-354d220 elementor-widget elementor-widget-html\" data-id=\"354d220\" data-element_type=\"widget\" data-e-type=\"widget\" data-widget_type=\"html.default\">\n\t\t\t\t<div class=\"elementor-widget-container\">\n\t\t\t\t\t<link rel=\"stylesheet\" href=\"https:\/\/b2b.batna24.com\/products\/checksnfiles\/checksnstyle.css\">\r\n<script src=\"https:\/\/b2b.batna24.com\/products\/checksnfiles\/sncheck.js\"><\/script>\r\n<div class=\"checksn-main-holder\">\r\n    <div class=\"checksn-info\">Prosz\u0119 wpisa\u0107 SN (numer seryjny) w celu sprawdzenia czy towar pochodzi z legalnej dystrybucji.<\/div>\r\n    <div class=\"checksn-form-group\">\r\n    <div class=\"checksn-input-container\">\r\n        <input type=\"text\" id=\"rek_kod\" class=\"checksn-input-field\" placeholder=\"Wprowad\u017a tekst...\">\r\n        <label for=\"checksn-input-field\" class=\"checksn-input-label\">Numer seryjny<\/label>\r\n    <\/div>\r\n    <button class=\"checksn-button\" onclick=\"fetchStatus()\">Sprawd\u017a<\/button>\r\n    <\/div>\r\n    <div id=\"repInfo\"><\/div>\r\n<\/div>\t\t\t\t<\/div>\n\t\t\t\t<\/div>\n\t\t\t\t<\/div>\n\t\t\t\t\t<\/div>\n\t\t\t\t<\/div>\n\t\t<div class=\"elementor-element elementor-element-2aa6dcf6 e-flex e-con-boxed e-con e-parent\" data-id=\"2aa6dcf6\" data-element_type=\"container\" data-e-type=\"container\">\n\t\t\t\t\t<div class=\"e-con-inner\">\n\t\t<div class=\"elementor-element elementor-element-5e5f8a6d e-con-full e-flex e-con e-child\" data-id=\"5e5f8a6d\" data-element_type=\"container\" data-e-type=\"container\">\n\t\t\t\t<div class=\"elementor-element elementor-element-3472d9e0 elementor-widget elementor-widget-text-editor\" data-id=\"3472d9e0\" data-element_type=\"widget\" data-e-type=\"widget\" data-widget_type=\"text-editor.default\">\n\t\t\t\t<div class=\"elementor-widget-container\">\n\t\t\t\t\t\t\t\t\t<p>Znajd\u017a naklejk\u0119 z kodem z ty\u0142u urz\u0105dzenia lub na opakowaniu. Wpisz sam numer bez liter &#8222;SN:&#8221;<\/p>\t\t\t\t\t\t\t\t<\/div>\n\t\t\t\t<\/div>\n\t\t\t\t<\/div>\n\t\t<div class=\"elementor-element elementor-element-3e6b979d e-con-full e-flex e-con e-child\" data-id=\"3e6b979d\" data-element_type=\"container\" data-e-type=\"container\">\n\t\t\t\t<div class=\"elementor-element elementor-element-401d4461 elementor-widget elementor-widget-image\" data-id=\"401d4461\" data-element_type=\"widget\" data-e-type=\"widget\" data-widget_type=\"image.default\">\n\t\t\t\t<div class=\"elementor-widget-container\">\n\t\t\t\t\t\t\t\t\t\t\t\t\t\t\t<img fetchpriority=\"high\" decoding=\"async\" width=\"450\" height=\"263\" src=\"https:\/\/wanbo-polska.pl\/wp-content\/uploads\/2025\/07\/sn.jpg\" class=\"attachment-medium_large size-medium_large wp-image-1936\" alt=\"\" srcset=\"https:\/\/wanbo-polska.pl\/wp-content\/uploads\/2025\/07\/sn.jpg 450w, https:\/\/wanbo-polska.pl\/wp-content\/uploads\/2025\/07\/sn-300x175.jpg 300w, https:\/\/wanbo-polska.pl\/wp-content\/uploads\/2025\/07\/sn-18x12.jpg 18w\" sizes=\"(max-width: 450px) 100vw, 450px\" \/>\t\t\t\t\t\t\t\t\t\t\t\t\t\t\t<\/div>\n\t\t\t\t<\/div>\n\t\t\t\t<\/div>\n\t\t\t\t\t<\/div>\n\t\t\t\t<\/div>\n\t\t\t\t<section class=\"elementor-section elementor-top-section elementor-element elementor-element-78ec955c elementor-section-full_width elementor-section-height-default elementor-section-height-default\" data-id=\"78ec955c\" data-element_type=\"section\" data-e-type=\"section\">\n\t\t\t\t\t\t<div class=\"elementor-container elementor-column-gap-default\">\n\t\t\t\t\t<div class=\"elementor-column elementor-col-100 elementor-top-column elementor-element elementor-element-1dd490e0\" data-id=\"1dd490e0\" data-element_type=\"column\" data-e-type=\"column\" data-settings=\"{&quot;background_background&quot;:&quot;classic&quot;}\">\n\t\t\t<div class=\"elementor-widget-wrap elementor-element-populated\">\n\t\t\t\t\t\t<div class=\"elementor-element elementor-element-6b8216d1 elementor-widget elementor-widget-heading\" data-id=\"6b8216d1\" data-element_type=\"widget\" data-e-type=\"widget\" data-widget_type=\"heading.default\">\n\t\t\t\t<div class=\"elementor-widget-container\">\n\t\t\t\t\t<h2 class=\"elementor-heading-title elementor-size-default\">Kupuj\u0105c u oficjalnych sprzedawc\u00f3w jeste\u015b pewien \u017ce<\/h2>\t\t\t\t<\/div>\n\t\t\t\t<\/div>\n\t\t\t\t\t<\/div>\n\t\t<\/div>\n\t\t\t\t\t<\/div>\n\t\t<\/section>\n\t\t\t\t<section class=\"elementor-section elementor-top-section elementor-element elementor-element-69db0ec6 elementor-section-boxed elementor-section-height-default elementor-section-height-default\" data-id=\"69db0ec6\" data-element_type=\"section\" data-e-type=\"section\" data-settings=\"{&quot;background_background&quot;:&quot;classic&quot;}\">\n\t\t\t\t\t\t<div class=\"elementor-container elementor-column-gap-default\">\n\t\t\t\t\t<div class=\"elementor-column elementor-col-25 elementor-top-column elementor-element elementor-element-bdd0a98\" data-id=\"bdd0a98\" data-element_type=\"column\" data-e-type=\"column\" data-settings=\"{&quot;background_background&quot;:&quot;classic&quot;}\">\n\t\t\t<div class=\"elementor-widget-wrap elementor-element-populated\">\n\t\t\t\t\t\t<div class=\"elementor-element elementor-element-7b286bf elementor-view-default elementor-position-block-start elementor-mobile-position-block-start elementor-widget elementor-widget-icon-box\" data-id=\"7b286bf\" data-element_type=\"widget\" data-e-type=\"widget\" data-widget_type=\"icon-box.default\">\n\t\t\t\t<div class=\"elementor-widget-container\">\n\t\t\t\t\t\t\t<div class=\"elementor-icon-box-wrapper\">\n\n\t\t\t\t\t\t<div class=\"elementor-icon-box-icon\">\n\t\t\t\t<span  class=\"elementor-icon\">\n\t\t\t\t<svg aria-hidden=\"true\" class=\"e-font-icon-svg e-fas-award\" viewbox=\"0 0 384 512\" xmlns=\"http:\/\/www.w3.org\/2000\/svg\"><path d=\"M97.12 362.63c-8.69-8.69-4.16-6.24-25.12-11.85-9.51-2.55-17.87-7.45-25.43-13.32L1.2 448.7c-4.39 10.77 3.81 22.47 15.43 22.03l52.69-2.01L105.56 507c8 8.44 22.04 5.81 26.43-4.96l52.05-127.62c-10.84 6.04-22.87 9.58-35.31 9.58-19.5 0-37.82-7.59-51.61-21.37zM382.8 448.7l-45.37-111.24c-7.56 5.88-15.92 10.77-25.43 13.32-21.07 5.64-16.45 3.18-25.12 11.85-13.79 13.78-32.12 21.37-51.62 21.37-12.44 0-24.47-3.55-35.31-9.58L252 502.04c4.39 10.77 18.44 13.4 26.43 4.96l36.25-38.28 52.69 2.01c11.62.44 19.82-11.27 15.43-22.03zM263 340c15.28-15.55 17.03-14.21 38.79-20.14 13.89-3.79 24.75-14.84 28.47-28.98 7.48-28.4 5.54-24.97 25.95-45.75 10.17-10.35 14.14-25.44 10.42-39.58-7.47-28.38-7.48-24.42 0-52.83 3.72-14.14-.25-29.23-10.42-39.58-20.41-20.78-18.47-17.36-25.95-45.75-3.72-14.14-14.58-25.19-28.47-28.98-27.88-7.61-24.52-5.62-44.95-26.41-10.17-10.35-25-14.4-38.89-10.61-27.87 7.6-23.98 7.61-51.9 0-13.89-3.79-28.72.25-38.89 10.61-20.41 20.78-17.05 18.8-44.94 26.41-13.89 3.79-24.75 14.84-28.47 28.98-7.47 28.39-5.54 24.97-25.95 45.75-10.17 10.35-14.15 25.44-10.42 39.58 7.47 28.36 7.48 24.4 0 52.82-3.72 14.14.25 29.23 10.42 39.59 20.41 20.78 18.47 17.35 25.95 45.75 3.72 14.14 14.58 25.19 28.47 28.98C104.6 325.96 106.27 325 121 340c13.23 13.47 33.84 15.88 49.74 5.82a39.676 39.676 0 0 1 42.53 0c15.89 10.06 36.5 7.65 49.73-5.82zM97.66 175.96c0-53.03 42.24-96.02 94.34-96.02s94.34 42.99 94.34 96.02-42.24 96.02-94.34 96.02-94.34-42.99-94.34-96.02z\"><\/path><\/svg>\t\t\t\t<\/span>\n\t\t\t<\/div>\n\t\t\t\n\t\t\t\t\t\t<div class=\"elementor-icon-box-content\">\n\n\t\t\t\t\t\t\t\t\t<h3 class=\"elementor-icon-box-title\">\n\t\t\t\t\t\t<span  >\n\t\t\t\t\t\t\tKupi\u0142es oryginalny produkt\t\t\t\t\t\t<\/span>\n\t\t\t\t\t<\/h3>\n\t\t\t\t\n\t\t\t\t\n\t\t\t<\/div>\n\t\t\t\n\t\t<\/div>\n\t\t\t\t\t\t<\/div>\n\t\t\t\t<\/div>\n\t\t\t\t\t<\/div>\n\t\t<\/div>\n\t\t\t\t<div class=\"elementor-column elementor-col-25 elementor-top-column elementor-element elementor-element-182f7ff2\" data-id=\"182f7ff2\" data-element_type=\"column\" data-e-type=\"column\" data-settings=\"{&quot;background_background&quot;:&quot;classic&quot;}\">\n\t\t\t<div class=\"elementor-widget-wrap elementor-element-populated\">\n\t\t\t\t\t\t<div class=\"elementor-element elementor-element-648bf337 elementor-view-default elementor-position-block-start elementor-mobile-position-block-start elementor-widget elementor-widget-icon-box\" data-id=\"648bf337\" data-element_type=\"widget\" data-e-type=\"widget\" data-widget_type=\"icon-box.default\">\n\t\t\t\t<div class=\"elementor-widget-container\">\n\t\t\t\t\t\t\t<div class=\"elementor-icon-box-wrapper\">\n\n\t\t\t\t\t\t<div class=\"elementor-icon-box-icon\">\n\t\t\t\t<span  class=\"elementor-icon\">\n\t\t\t\t<svg aria-hidden=\"true\" class=\"e-font-icon-svg e-fas-user-cog\" viewbox=\"0 0 640 512\" xmlns=\"http:\/\/www.w3.org\/2000\/svg\"><path d=\"M610.5 373.3c2.6-14.1 2.6-28.5 0-42.6l25.8-14.9c3-1.7 4.3-5.2 3.3-8.5-6.7-21.6-18.2-41.2-33.2-57.4-2.3-2.5-6-3.1-9-1.4l-25.8 14.9c-10.9-9.3-23.4-16.5-36.9-21.3v-29.8c0-3.4-2.4-6.4-5.7-7.1-22.3-5-45-4.8-66.2 0-3.3.7-5.7 3.7-5.7 7.1v29.8c-13.5 4.8-26 12-36.9 21.3l-25.8-14.9c-2.9-1.7-6.7-1.1-9 1.4-15 16.2-26.5 35.8-33.2 57.4-1 3.3.4 6.8 3.3 8.5l25.8 14.9c-2.6 14.1-2.6 28.5 0 42.6l-25.8 14.9c-3 1.7-4.3 5.2-3.3 8.5 6.7 21.6 18.2 41.1 33.2 57.4 2.3 2.5 6 3.1 9 1.4l25.8-14.9c10.9 9.3 23.4 16.5 36.9 21.3v29.8c0 3.4 2.4 6.4 5.7 7.1 22.3 5 45 4.8 66.2 0 3.3-.7 5.7-3.7 5.7-7.1v-29.8c13.5-4.8 26-12 36.9-21.3l25.8 14.9c2.9 1.7 6.7 1.1 9-1.4 15-16.2 26.5-35.8 33.2-57.4 1-3.3-.4-6.8-3.3-8.5l-25.8-14.9zM496 400.5c-26.8 0-48.5-21.8-48.5-48.5s21.8-48.5 48.5-48.5 48.5 21.8 48.5 48.5-21.7 48.5-48.5 48.5zM224 256c70.7 0 128-57.3 128-128S294.7 0 224 0 96 57.3 96 128s57.3 128 128 128zm201.2 226.5c-2.3-1.2-4.6-2.6-6.8-3.9l-7.9 4.6c-6 3.4-12.8 5.3-19.6 5.3-10.9 0-21.4-4.6-28.9-12.6-18.3-19.8-32.3-43.9-40.2-69.6-5.5-17.7 1.9-36.4 17.9-45.7l7.9-4.6c-.1-2.6-.1-5.2 0-7.8l-7.9-4.6c-16-9.2-23.4-28-17.9-45.7.9-2.9 2.2-5.8 3.2-8.7-3.8-.3-7.5-1.2-11.4-1.2h-16.7c-22.2 10.2-46.9 16-72.9 16s-50.6-5.8-72.9-16h-16.7C60.2 288 0 348.2 0 422.4V464c0 26.5 21.5 48 48 48h352c10.1 0 19.5-3.2 27.2-8.5-1.2-3.8-2-7.7-2-11.8v-9.2z\"><\/path><\/svg>\t\t\t\t<\/span>\n\t\t\t<\/div>\n\t\t\t\n\t\t\t\t\t\t<div class=\"elementor-icon-box-content\">\n\n\t\t\t\t\t\t\t\t\t<h3 class=\"elementor-icon-box-title\">\n\t\t\t\t\t\t<span  >\n\t\t\t\t\t\t\tMasz wsparcie serwisowe\t\t\t\t\t\t<\/span>\n\t\t\t\t\t<\/h3>\n\t\t\t\t\n\t\t\t\t\n\t\t\t<\/div>\n\t\t\t\n\t\t<\/div>\n\t\t\t\t\t\t<\/div>\n\t\t\t\t<\/div>\n\t\t\t\t\t<\/div>\n\t\t<\/div>\n\t\t\t\t<div class=\"elementor-column elementor-col-25 elementor-top-column elementor-element elementor-element-6d11d56b\" data-id=\"6d11d56b\" data-element_type=\"column\" data-e-type=\"column\" data-settings=\"{&quot;background_background&quot;:&quot;classic&quot;}\">\n\t\t\t<div class=\"elementor-widget-wrap elementor-element-populated\">\n\t\t\t\t\t\t<div class=\"elementor-element elementor-element-3f6228f4 elementor-view-default elementor-position-block-start elementor-mobile-position-block-start elementor-widget elementor-widget-icon-box\" data-id=\"3f6228f4\" data-element_type=\"widget\" data-e-type=\"widget\" data-widget_type=\"icon-box.default\">\n\t\t\t\t<div class=\"elementor-widget-container\">\n\t\t\t\t\t\t\t<div class=\"elementor-icon-box-wrapper\">\n\n\t\t\t\t\t\t<div class=\"elementor-icon-box-icon\">\n\t\t\t\t<span  class=\"elementor-icon\">\n\t\t\t\t<svg aria-hidden=\"true\" class=\"e-font-icon-svg e-fas-shield-alt\" viewbox=\"0 0 512 512\" xmlns=\"http:\/\/www.w3.org\/2000\/svg\"><path d=\"M466.5 83.7l-192-80a48.15 48.15 0 0 0-36.9 0l-192 80C27.7 91.1 16 108.6 16 128c0 198.5 114.5 335.7 221.5 380.3 11.8 4.9 25.1 4.9 36.9 0C360.1 472.6 496 349.3 496 128c0-19.4-11.7-36.9-29.5-44.3zM256.1 446.3l-.1-381 175.9 73.3c-3.3 151.4-82.1 261.1-175.8 307.7z\"><\/path><\/svg>\t\t\t\t<\/span>\n\t\t\t<\/div>\n\t\t\t\n\t\t\t\t\t\t<div class=\"elementor-icon-box-content\">\n\n\t\t\t\t\t\t\t\t\t<h3 class=\"elementor-icon-box-title\">\n\t\t\t\t\t\t<span  >\n\t\t\t\t\t\t\tProdukt obj\u0119ty gwarancj\u0105\t\t\t\t\t\t<\/span>\n\t\t\t\t\t<\/h3>\n\t\t\t\t\n\t\t\t\t\n\t\t\t<\/div>\n\t\t\t\n\t\t<\/div>\n\t\t\t\t\t\t<\/div>\n\t\t\t\t<\/div>\n\t\t\t\t\t<\/div>\n\t\t<\/div>\n\t\t\t\t<div class=\"elementor-column elementor-col-25 elementor-top-column elementor-element elementor-element-10be67d5\" data-id=\"10be67d5\" data-element_type=\"column\" data-e-type=\"column\" data-settings=\"{&quot;background_background&quot;:&quot;classic&quot;}\">\n\t\t\t<div class=\"elementor-widget-wrap elementor-element-populated\">\n\t\t\t\t\t\t<div class=\"elementor-element elementor-element-64d2f94d elementor-view-default elementor-position-block-start elementor-mobile-position-block-start elementor-widget elementor-widget-icon-box\" data-id=\"64d2f94d\" data-element_type=\"widget\" data-e-type=\"widget\" data-widget_type=\"icon-box.default\">\n\t\t\t\t<div class=\"elementor-widget-container\">\n\t\t\t\t\t\t\t<div class=\"elementor-icon-box-wrapper\">\n\n\t\t\t\t\t\t<div class=\"elementor-icon-box-icon\">\n\t\t\t\t<span  class=\"elementor-icon\">\n\t\t\t\t<svg aria-hidden=\"true\" class=\"e-font-icon-svg e-fas-thumbs-up\" viewbox=\"0 0 512 512\" xmlns=\"http:\/\/www.w3.org\/2000\/svg\"><path d=\"M104 224H24c-13.255 0-24 10.745-24 24v240c0 13.255 10.745 24 24 24h80c13.255 0 24-10.745 24-24V248c0-13.255-10.745-24-24-24zM64 472c-13.255 0-24-10.745-24-24s10.745-24 24-24 24 10.745 24 24-10.745 24-24 24zM384 81.452c0 42.416-25.97 66.208-33.277 94.548h101.723c33.397 0 59.397 27.746 59.553 58.098.084 17.938-7.546 37.249-19.439 49.197l-.11.11c9.836 23.337 8.237 56.037-9.308 79.469 8.681 25.895-.069 57.704-16.382 74.757 4.298 17.598 2.244 32.575-6.148 44.632C440.202 511.587 389.616 512 346.839 512l-2.845-.001c-48.287-.017-87.806-17.598-119.56-31.725-15.957-7.099-36.821-15.887-52.651-16.178-6.54-.12-11.783-5.457-11.783-11.998v-213.77c0-3.2 1.282-6.271 3.558-8.521 39.614-39.144 56.648-80.587 89.117-113.111 14.804-14.832 20.188-37.236 25.393-58.902C282.515 39.293 291.817 0 312 0c24 0 72 8 72 81.452z\"><\/path><\/svg>\t\t\t\t<\/span>\n\t\t\t<\/div>\n\t\t\t\n\t\t\t\t\t\t<div class=\"elementor-icon-box-content\">\n\n\t\t\t\t\t\t\t\t\t<h3 class=\"elementor-icon-box-title\">\n\t\t\t\t\t\t<span  >\n\t\t\t\t\t\t\tPewno\u015b\u0107 legalnego pochodzenia\t\t\t\t\t\t<\/span>\n\t\t\t\t\t<\/h3>\n\t\t\t\t\n\t\t\t\t\n\t\t\t<\/div>\n\t\t\t\n\t\t<\/div>\n\t\t\t\t\t\t<\/div>\n\t\t\t\t<\/div>\n\t\t\t\t\t<\/div>\n\t\t<\/div>\n\t\t\t\t\t<\/div>\n\t\t<\/section>\n\t\t\t\t<section class=\"elementor-section elementor-top-section elementor-element elementor-element-80212a elementor-section-boxed elementor-section-height-default elementor-section-height-default\" data-id=\"80212a\" data-element_type=\"section\" data-e-type=\"section\">\n\t\t\t\t\t\t<div class=\"elementor-container elementor-column-gap-default\">\n\t\t\t\t\t<div class=\"elementor-column elementor-col-100 elementor-top-column elementor-element elementor-element-50491824\" data-id=\"50491824\" data-element_type=\"column\" data-e-type=\"column\">\n\t\t\t<div class=\"elementor-widget-wrap elementor-element-populated\">\n\t\t\t\t\t\t<div class=\"elementor-element elementor-element-4566f6f4 elementor-widget elementor-widget-text-editor\" data-id=\"4566f6f4\" data-element_type=\"widget\" data-e-type=\"widget\" data-widget_type=\"text-editor.default\">\n\t\t\t\t<div class=\"elementor-widget-container\">\n\t\t\t\t\t\t\t\t\t<p data-start=\"81\" data-end=\"331\">\u00a0W przypadku zakupu produkt\u00f3w Wanbo od <span data-start=\"134\" data-end=\"167\">nieautoryzowanych sprzedawc\u00f3w<\/span> istnieje ryzyko, \u017ce otrzymany sprz\u0119t b\u0119dzie <span data-start=\"212\" data-end=\"229\">nieoryginalny<\/span>, mo\u017ce pochodzi\u0107 z <span data-start=\"248\" data-end=\"271\">nielegalnego \u017ar\u00f3d\u0142a<\/span>, a tak\u017ce mo\u017ce by\u0107 <span data-start=\"290\" data-end=\"328\">uszkodzony lub niepe\u0142nowarto\u015bciowy<\/span>.<\/p><p data-start=\"333\" data-end=\"503\">Apelujemy o <span data-start=\"345\" data-end=\"381\">rozwa\u017cne i odpowiedzialne zakupy<\/span> \u2013 wybieraj wy\u0142\u0105cznie <span data-start=\"403\" data-end=\"435\">autoryzowanych dystrybutor\u00f3w<\/span> Wanbo, aby mie\u0107 pewno\u015b\u0107 co do pochodzenia i jako\u015bci produktu.<\/p>\t\t\t\t\t\t\t\t<\/div>\n\t\t\t\t<\/div>\n\t\t\t\t<div class=\"elementor-element elementor-element-4bacfb79 elementor-widget elementor-widget-text-editor\" data-id=\"4bacfb79\" data-element_type=\"widget\" data-e-type=\"widget\" data-widget_type=\"text-editor.default\">\n\t\t\t\t<div class=\"elementor-widget-container\">\n\t\t\t\t\t\t\t\t\t<p>Firma\u00a0<span data-start=\"511\" data-end=\"524\">Wanbo<\/span>\u00a0<span data-start=\"525\" data-end=\"570\">nie uznaje \u017cadnych roszcze\u0144 gwarancyjnych<\/span>\u00a0w przypadku braku\u00a0<span data-start=\"589\" data-end=\"627\">oryginalnej dokumentacji zakupowej<\/span>\u00a0wystawionej przez autoryzowanego sprzedawc\u0119.<\/p>\t\t\t\t\t\t\t\t<\/div>\n\t\t\t\t<\/div>\n\t\t\t\t\t<\/div>\n\t\t<\/div>\n\t\t\t\t\t<\/div>\n\t\t<\/section>\n\t\t\t\t<\/div>","protected":false},"excerpt":{"rendered":"<p>Sprawd\u017a czy twoje urz\u0105dzenie pochodzi z oficjalnej dystrybucji Wybieraj\u0105c urz\u0105dzenie Wanbo, pami\u0119taj, \u017ce autoryzowane sklepy i strony internetowe musz\u0105 oferowa\u0107 je z oficjalnej dystrybucji. Na naszej stronie mo\u017cesz sprawdzi\u0107 czy urz\u0105dzenie pochodzi z Polskiej dystrybucji &#8230; <\/p>\n<p class=\"read-more-container\"><a title=\"sprawd\u017a urz\u0105dzenie\" class=\"read-more button\" href=\"https:\/\/wanbo-polska.pl\/en\/sprawdz-urzadzenie\/#more-1930\" aria-label=\"Read more about sprawd\u017a urz\u0105dzenie\">Read more<\/a><\/p>","protected":false},"author":1,"featured_media":0,"parent":0,"menu_order":0,"comment_status":"closed","ping_status":"closed","template":"","meta":{"footnotes":""},"class_list":["post-1930","page","type-page","status-publish"],"_links":{"self":[{"href":"https:\/\/wanbo-polska.pl\/en\/wp-json\/wp\/v2\/pages\/1930","targetHints":{"allow":["GET"]}}],"collection":[{"href":"https:\/\/wanbo-polska.pl\/en\/wp-json\/wp\/v2\/pages"}],"about":[{"href":"https:\/\/wanbo-polska.pl\/en\/wp-json\/wp\/v2\/types\/page"}],"author":[{"embeddable":true,"href":"https:\/\/wanbo-polska.pl\/en\/wp-json\/wp\/v2\/users\/1"}],"replies":[{"embeddable":true,"href":"https:\/\/wanbo-polska.pl\/en\/wp-json\/wp\/v2\/comments?post=1930"}],"version-history":[{"count":19,"href":"https:\/\/wanbo-polska.pl\/en\/wp-json\/wp\/v2\/pages\/1930\/revisions"}],"predecessor-version":[{"id":1960,"href":"https:\/\/wanbo-polska.pl\/en\/wp-json\/wp\/v2\/pages\/1930\/revisions\/1960"}],"wp:attachment":[{"href":"https:\/\/wanbo-polska.pl\/en\/wp-json\/wp\/v2\/media?parent=1930"}],"curies":[{"name":"wp","href":"https:\/\/api.w.org\/{rel}","templated":true}]}}