{"id":1459,"date":"2024-08-14T12:24:49","date_gmt":"2024-08-14T12:24:49","guid":{"rendered":"https:\/\/www.wanbo-polska.pl\/?page_id=1459"},"modified":"2024-08-14T12:31:58","modified_gmt":"2024-08-14T12:31:58","slug":"platnosci","status":"publish","type":"page","link":"https:\/\/wanbo-polska.pl\/en\/platnosci\/","title":{"rendered":"Payments"},"content":{"rendered":"<div data-elementor-type=\"wp-page\" data-elementor-id=\"1459\" class=\"elementor elementor-1459\" data-elementor-post-type=\"page\">\n\t\t\t\t<div class=\"elementor-element elementor-element-462ebd0 e-flex e-con-boxed e-con e-parent\" data-id=\"462ebd0\" data-element_type=\"container\" data-e-type=\"container\">\n\t\t\t\t\t<div class=\"e-con-inner\">\n\t\t\t\t<div class=\"elementor-element elementor-element-278ac04 elementor-widget elementor-widget-heading\" data-id=\"278ac04\" data-element_type=\"widget\" data-e-type=\"widget\" data-widget_type=\"heading.default\">\n\t\t\t\t<div class=\"elementor-widget-container\">\n\t\t\t\t\t<h1 class=\"elementor-heading-title elementor-size-default\">Zakupy i p\u0142atno\u015bci<\/h1>\t\t\t\t<\/div>\n\t\t\t\t<\/div>\n\t\t\t\t<div class=\"elementor-element elementor-element-65a32ba elementor-widget elementor-widget-heading\" data-id=\"65a32ba\" data-element_type=\"widget\" data-e-type=\"widget\" data-widget_type=\"heading.default\">\n\t\t\t\t<div class=\"elementor-widget-container\">\n\t\t\t\t\t<h2 class=\"elementor-heading-title elementor-size-default\">Dokonywanie zakupu w sklepie wanbo-polska.pl<\/h2>\t\t\t\t<\/div>\n\t\t\t\t<\/div>\n\t\t\t\t<div class=\"elementor-element elementor-element-9d6b340 elementor-widget elementor-widget-text-editor\" data-id=\"9d6b340\" data-element_type=\"widget\" data-e-type=\"widget\" data-widget_type=\"text-editor.default\">\n\t\t\t\t<div class=\"elementor-widget-container\">\n\t\t\t\t\t\t\t\t\t<p>Zakupu dokonujemy poprzez dodanie produkt\u00f3w do koszyka. Po umieszczeniu wszystkich wybranych produkt\u00f3w w koszyku klikamy przycisk&nbsp;<strong>&#8222;Realizuj\u0119 zam\u00f3wienie&#8221;.<\/strong> Natepnie&nbsp; uzupe\u0142niamy dane odbiorcy i czekamy na zrealizowanie zam\u00f3wienia.&nbsp;<\/p>\n<p>O zmianach statusu zam\u00f3wienia Klient jest powiadamiany drog\u0105 mailow\u0105.<\/p>\n<p>Transakcje na wanbo-polska.pl s\u0105 absolutnie bezpieczne. Nasza strona u\u017cywa szyfrowania https, potwierdza to symbol k\u0142\u00f3dki widniej\u0105cy w lewym g\u00f3rnym rogu paska adresu w przegl\u0105darce.<\/p><p>Klient mo\u017ce zap\u0142aci\u0107 za zam\u00f3wione towary poprzez zewn\u0119trzny system p\u0142atno\u015bci &#8222;Przelewy 24&#8221; lub &#8222;imoje&#8221;, obs\u0142ugiwany przez \nING Bank \u015al\u0105ski S.A. z siedzib\u0105 w Katowicach.<br><\/p>\t\t\t\t\t\t\t\t<\/div>\n\t\t\t\t<\/div>\n\t\t\t\t\t<\/div>\n\t\t\t\t<\/div>\n\t\t\t\t<\/div>","protected":false},"excerpt":{"rendered":"<p>Zakupy i p\u0142atno\u015bci Dokonywanie zakupu w sklepie wanbo-polska.pl Zakupu dokonujemy poprzez dodanie produkt\u00f3w do koszyka. Po umieszczeniu wszystkich wybranych produkt\u00f3w w koszyku klikamy przycisk&nbsp;&#8222;Realizuj\u0119 zam\u00f3wienie&#8221;. Natepnie&nbsp; uzupe\u0142niamy dane odbiorcy i czekamy na zrealizowanie zam\u00f3wienia.&nbsp; O &#8230; <\/p>\n<p class=\"read-more-container\"><a title=\"Payments\" class=\"read-more button\" href=\"https:\/\/wanbo-polska.pl\/en\/platnosci\/#more-1459\" aria-label=\"Read more about P\u0142atno\u015bci\">Read more<\/a><\/p>","protected":false},"author":1,"featured_media":0,"parent":0,"menu_order":0,"comment_status":"closed","ping_status":"closed","template":"","meta":{"footnotes":""},"class_list":["post-1459","page","type-page","status-publish"],"_links":{"self":[{"href":"https:\/\/wanbo-polska.pl\/en\/wp-json\/wp\/v2\/pages\/1459","targetHints":{"allow":["GET"]}}],"collection":[{"href":"https:\/\/wanbo-polska.pl\/en\/wp-json\/wp\/v2\/pages"}],"about":[{"href":"https:\/\/wanbo-polska.pl\/en\/wp-json\/wp\/v2\/types\/page"}],"author":[{"embeddable":true,"href":"https:\/\/wanbo-polska.pl\/en\/wp-json\/wp\/v2\/users\/1"}],"replies":[{"embeddable":true,"href":"https:\/\/wanbo-polska.pl\/en\/wp-json\/wp\/v2\/comments?post=1459"}],"version-history":[{"count":7,"href":"https:\/\/wanbo-polska.pl\/en\/wp-json\/wp\/v2\/pages\/1459\/revisions"}],"predecessor-version":[{"id":1467,"href":"https:\/\/wanbo-polska.pl\/en\/wp-json\/wp\/v2\/pages\/1459\/revisions\/1467"}],"wp:attachment":[{"href":"https:\/\/wanbo-polska.pl\/en\/wp-json\/wp\/v2\/media?parent=1459"}],"curies":[{"name":"wp","href":"https:\/\/api.w.org\/{rel}","templated":true}]}}