{"id":14,"date":"2024-07-22T11:33:02","date_gmt":"2024-07-22T11:33:02","guid":{"rendered":"http:\/\/wanbo-polska.pl\/wanbo\/?page_id=14"},"modified":"2025-04-11T09:16:16","modified_gmt":"2025-04-11T09:16:16","slug":"zwroty","status":"publish","type":"page","link":"https:\/\/wanbo-polska.pl\/en\/zwroty\/","title":{"rendered":"Polityka zwrot\u00f3w"},"content":{"rendered":"<div data-elementor-type=\"wp-page\" data-elementor-id=\"14\" class=\"elementor elementor-14\" data-elementor-post-type=\"page\">\n\t\t\t\t<div class=\"elementor-element elementor-element-1b39adc4 e-flex e-con-boxed e-con e-parent\" data-id=\"1b39adc4\" data-element_type=\"container\" data-e-type=\"container\">\n\t\t\t\t\t<div class=\"e-con-inner\">\n\t\t\t\t<div class=\"elementor-element elementor-element-29502b74 elementor-widget elementor-widget-heading\" data-id=\"29502b74\" data-element_type=\"widget\" data-e-type=\"widget\" data-widget_type=\"heading.default\">\n\t\t\t\t<div class=\"elementor-widget-container\">\n\t\t\t\t\t<h1 class=\"elementor-heading-title elementor-size-default\">ZWROTY I REKLAMACJE<\/h1>\t\t\t\t<\/div>\n\t\t\t\t<\/div>\n\t\t\t\t\t<\/div>\n\t\t\t\t<\/div>\n\t\t<div class=\"elementor-element elementor-element-8d61da1 e-flex e-con-boxed e-con e-parent\" data-id=\"8d61da1\" data-element_type=\"container\" data-e-type=\"container\">\n\t\t\t\t\t<div class=\"e-con-inner\">\n\t\t\t\t<div class=\"elementor-element elementor-element-a5059b7 elementor-widget elementor-widget-text-editor\" data-id=\"a5059b7\" data-element_type=\"widget\" data-e-type=\"widget\" data-widget_type=\"text-editor.default\">\n\t\t\t\t<div class=\"elementor-widget-container\">\n\t\t\t\t\t\t\t\t\t<p>Klient ma mo\u017cliwo\u015b\u0107 odst\u0105pienia od umowy zawartej na odleg\u0142o\u015b\u0107 z extralink24.com w terminie\u00a0<strong>do 14 dni<\/strong>\u00a0od daty otrzymania towaru. W przypadku podj\u0119cia decyzji odst\u0105pienia od umowy i zwrotu zam\u00f3wionego produktu nale\u017cy przes\u0142a\u0107 t\u0119 informacj\u0119 drog\u0105 mailow\u0105 lub przekaza\u0107 j\u0105 telefonicznie.<\/p>\n<p>Zwracany towar nie mo\u017ce nosi\u0107 \u015blad\u00f3w u\u017cytkowania. Zwrotu produktu dokonujemy wy\u0142\u0105cznie w oryginalnym opakowaniu.<\/p>\t\t\t\t\t\t\t\t<\/div>\n\t\t\t\t<\/div>\n\t\t\t\t<div class=\"elementor-element elementor-element-15f9af60 elementor-widget elementor-widget-heading\" data-id=\"15f9af60\" data-element_type=\"widget\" data-e-type=\"widget\" data-widget_type=\"heading.default\">\n\t\t\t\t<div class=\"elementor-widget-container\">\n\t\t\t\t\t<h2 class=\"elementor-heading-title elementor-size-default\">Jak dokona\u0107 zwrot towaru<\/h2>\t\t\t\t<\/div>\n\t\t\t\t<\/div>\n\t\t\t\t<div class=\"elementor-element elementor-element-4fcf5a64 elementor-widget elementor-widget-text-editor\" data-id=\"4fcf5a64\" data-element_type=\"widget\" data-e-type=\"widget\" data-widget_type=\"text-editor.default\">\n\t\t\t\t<div class=\"elementor-widget-container\">\n\t\t\t\t\t\t\t\t\t<p>Po przekazaniu informacji o planowanym zwrocie (drog\u0105 mailow\u0105 lub telefonicznie) nale\u017cy:<\/p><ol type=\"1\"><li>Umie\u015bci\u0107 zwracany produkt w oryginalnym opakowaniu, zabezpieczy\u0107 przed uszkodzeniem podczas transportu i zapakowa\u0107 do odpowiednio przygotowanej paczki.<\/li><li>Urz\u0105dzenie musi by\u0107 przywr\u00f3cone do ustawie\u0144 fabrycznych.<\/li><li>Umie\u015bci\u0107 informacj\u0119 na zewn\u0105trz opakowania z podaniem:<br \/><b>przyczyny zwrotu oraz numer zam\u00f3wienia<\/b>, kt\u00f3rego dotyczy zwracany produkt.<\/li><li>Wys\u0142a\u0107 paczk\u0119 na adres:<br \/><b>ZWROTY sklep &#8211; Wanbo \/ Batna sp. z o.o.<br \/>NR ZAM &#8211; &#8230;&#8230;&#8230;&#8230;&#8230;<br \/><\/b><p><b>ul. 1 Maja 23<br \/>42-217 Cz\u0119stochowa<br \/>tel: 508 974 399\u00a0<\/b><\/p><\/li><li>Podes\u0142a\u0107 na podany wy\u017cej adres mailowy &#8211;\u00a0<b>nr listu przewozowego oraz dane konta bankowego do zwrotu<\/b>.<\/li><\/ol>\t\t\t\t\t\t\t\t<\/div>\n\t\t\t\t<\/div>\n\t\t\t\t<div class=\"elementor-element elementor-element-1b509067 elementor-widget elementor-widget-heading\" data-id=\"1b509067\" data-element_type=\"widget\" data-e-type=\"widget\" data-widget_type=\"heading.default\">\n\t\t\t\t<div class=\"elementor-widget-container\">\n\t\t\t\t\t<h2 class=\"elementor-heading-title elementor-size-default\">Gdzie zg\u0142osi\u0107 reklamacj\u0119?<\/h2>\t\t\t\t<\/div>\n\t\t\t\t<\/div>\n\t\t\t\t<div class=\"elementor-element elementor-element-4edc9370 elementor-widget elementor-widget-text-editor\" data-id=\"4edc9370\" data-element_type=\"widget\" data-e-type=\"widget\" data-widget_type=\"text-editor.default\">\n\t\t\t\t<div class=\"elementor-widget-container\">\n\t\t\t\t\t\t\t\t\t<p>Klient mo\u017ce zg\u0142osi\u0107 towar poprzez:<\/p><ul><li><a href=\"http:\/\/rma.batna24.com\" target=\"_blank\" rel=\"noopener\">portal internetowy<\/a><\/li><li>drog\u0119 mailow\u0105 na adres\u00a0rma@batna24.com<\/li><li>osobi\u015bcie<\/li><\/ul><p>Klient zg\u0142asza reklamacj\u0119 w nast\u0119puj\u0105cy spos\u00f3b:<\/p><ol type=\"1\"><li>Drog\u0105 mailow\u0105 lub telefoniczn\u0105 podaj\u0105c numer seryjny urz\u0105dzenia, kt\u00f3rego dotyczy reklamacja.<\/li><li>Nast\u0119pnie nale\u017cy opisa\u0107 usterk\u0119.<\/li><li>Po przyj\u0119ciu zg\u0142oszenia Klient otrzyma drog\u0105 mailow\u0105 instrukcj\u0119 dalszego post\u0119powania oraz etykiet\u0119 RMA, kt\u00f3r\u0105 nale\u017cy umie\u015bci\u0107 na paczce reklamacyjnej.<\/li><li>Paczk\u0119 nale\u017cy wys\u0142a\u0107 na adres:<br \/><b>Reklamacja Wanbo<br \/>ul. 1 Maja 23, 42-217 Cz\u0119stochowa<\/b><\/li><\/ol>\t\t\t\t\t\t\t\t<\/div>\n\t\t\t\t<\/div>\n\t\t\t\t<div class=\"elementor-element elementor-element-69872f26 elementor-widget elementor-widget-heading\" data-id=\"69872f26\" data-element_type=\"widget\" data-e-type=\"widget\" data-widget_type=\"heading.default\">\n\t\t\t\t<div class=\"elementor-widget-container\">\n\t\t\t\t\t<h2 class=\"elementor-heading-title elementor-size-default\">Jak przygotowa\u0107 sprz\u0119t do reklamacji?<\/h2>\t\t\t\t<\/div>\n\t\t\t\t<\/div>\n\t\t\t\t<div class=\"elementor-element elementor-element-b06ba46 elementor-widget elementor-widget-text-editor\" data-id=\"b06ba46\" data-element_type=\"widget\" data-e-type=\"widget\" data-widget_type=\"text-editor.default\">\n\t\t\t\t<div class=\"elementor-widget-container\">\n\t\t\t\t\t\t\t\t\t<p>Po zarejestrowaniu reklamacji prosimy odpowiednio zabezpieczy\u0107 odsy\u0142any sprz\u0119t, aby nie uleg\u0142 uszkodzeniu podczas transportu i odes\u0142a\u0107 go na adres wskazany w korespondencji mailowej, nie zapominaj\u0105c o umieszczeniu\u00a0<strong>NUMERU RMA<\/strong>.<br \/><br \/><b>WA\u017bNE!<\/b>\u00a0Prosimy o wykonanie kopii zapasowej w przypadku zg\u0142oszenia reklamacyjnego na sprz\u0119t elektroniczny zawieraj\u0105cy Twoje dane, gdy\u017c w trakcie rozpatrywania zg\u0142oszenia mog\u0105 zosta\u0107 one bezpowrotnie utracone.<\/p>\t\t\t\t\t\t\t\t<\/div>\n\t\t\t\t<\/div>\n\t\t\t\t\t<\/div>\n\t\t\t\t<\/div>\n\t\t\t\t<\/div>","protected":false},"excerpt":{"rendered":"<p>ZWROTY I REKLAMACJE Klient ma mo\u017cliwo\u015b\u0107 odst\u0105pienia od umowy zawartej na odleg\u0142o\u015b\u0107 z extralink24.com w terminie\u00a0do 14 dni\u00a0od daty otrzymania towaru. W przypadku podj\u0119cia decyzji odst\u0105pienia od umowy i zwrotu zam\u00f3wionego produktu nale\u017cy przes\u0142a\u0107 t\u0119 &#8230; <\/p>\n<p class=\"read-more-container\"><a title=\"Polityka zwrot\u00f3w\" class=\"read-more button\" href=\"https:\/\/wanbo-polska.pl\/en\/zwroty\/#more-14\" aria-label=\"Read more about Polityka zwrot\u00f3w\">Read more<\/a><\/p>","protected":false},"author":1,"featured_media":0,"parent":0,"menu_order":0,"comment_status":"closed","ping_status":"closed","template":"","meta":{"footnotes":""},"class_list":["post-14","page","type-page","status-publish"],"_links":{"self":[{"href":"https:\/\/wanbo-polska.pl\/en\/wp-json\/wp\/v2\/pages\/14","targetHints":{"allow":["GET"]}}],"collection":[{"href":"https:\/\/wanbo-polska.pl\/en\/wp-json\/wp\/v2\/pages"}],"about":[{"href":"https:\/\/wanbo-polska.pl\/en\/wp-json\/wp\/v2\/types\/page"}],"author":[{"embeddable":true,"href":"https:\/\/wanbo-polska.pl\/en\/wp-json\/wp\/v2\/users\/1"}],"replies":[{"embeddable":true,"href":"https:\/\/wanbo-polska.pl\/en\/wp-json\/wp\/v2\/comments?post=14"}],"version-history":[{"count":12,"href":"https:\/\/wanbo-polska.pl\/en\/wp-json\/wp\/v2\/pages\/14\/revisions"}],"predecessor-version":[{"id":1813,"href":"https:\/\/wanbo-polska.pl\/en\/wp-json\/wp\/v2\/pages\/14\/revisions\/1813"}],"wp:attachment":[{"href":"https:\/\/wanbo-polska.pl\/en\/wp-json\/wp\/v2\/media?parent=14"}],"curies":[{"name":"wp","href":"https:\/\/api.w.org\/{rel}","templated":true}]}}